{"id":2870,"date":"2023-05-26T13:40:01","date_gmt":"2023-05-26T11:40:01","guid":{"rendered":"https:\/\/sinta.lv\/?page_id=2870"},"modified":"2024-12-02T19:07:51","modified_gmt":"2024-12-02T17:07:51","slug":"ka-strada-sinta-en","status":"publish","type":"page","link":"https:\/\/sinta.lv\/index.php\/en\/ka-strada-sinta-en\/","title":{"rendered":"K\u0101 str\u0101d\u0101 Sinta? EN"},"content":{"rendered":"\t\t<div data-elementor-type=\"wp-page\" data-elementor-id=\"2870\" class=\"elementor elementor-2870\">\n\t\t\t\t\t\t<section class=\"elementor-section elementor-top-section elementor-element elementor-element-e34e0d7 elementor-section-boxed elementor-section-height-default elementor-section-height-default\" data-id=\"e34e0d7\" data-element_type=\"section\" data-e-type=\"section\">\n\t\t\t\t\t\t<div class=\"elementor-container elementor-column-gap-default\">\n\t\t\t\t\t<div class=\"elementor-column elementor-col-100 elementor-top-column elementor-element elementor-element-a4cfc97\" data-id=\"a4cfc97\" data-element_type=\"column\" data-e-type=\"column\">\n\t\t\t<div class=\"elementor-widget-wrap elementor-element-populated\">\n\t\t\t\t\t\t<div class=\"elementor-element elementor-element-a58c865 elementor-widget elementor-widget-heading\" data-id=\"a58c865\" data-element_type=\"widget\" data-e-type=\"widget\" data-widget_type=\"heading.default\">\n\t\t\t\t<div class=\"elementor-widget-container\">\n\t\t\t\t\t<h2 class=\"elementor-heading-title elementor-size-default\">How Sinta works<\/h2>\t\t\t\t<\/div>\n\t\t\t\t<\/div>\n\t\t\t\t\t<\/div>\n\t\t<\/div>\n\t\t\t\t\t<\/div>\n\t\t<\/section>\n\t\t\t\t<section class=\"elementor-section elementor-top-section elementor-element elementor-element-8236b9e elementor-section-boxed elementor-section-height-default elementor-section-height-default\" data-id=\"8236b9e\" data-element_type=\"section\" data-e-type=\"section\">\n\t\t\t\t\t\t<div class=\"elementor-container elementor-column-gap-default\">\n\t\t\t\t\t<div class=\"elementor-column elementor-col-100 elementor-top-column elementor-element elementor-element-1c65fa7\" data-id=\"1c65fa7\" data-element_type=\"column\" data-e-type=\"column\">\n\t\t\t<div class=\"elementor-widget-wrap elementor-element-populated\">\n\t\t\t\t\t\t<div class=\"elementor-element elementor-element-2eb19ed elementor-widget elementor-widget-text-editor\" data-id=\"2eb19ed\" data-element_type=\"widget\" data-e-type=\"widget\" data-widget_type=\"text-editor.default\">\n\t\t\t\t<div class=\"elementor-widget-container\">\n\t\t\t\t\t\t\t\t\t<p><span style=\"color: #ff9900;\"><strong>\u2058<\/strong><\/span>\u00a0 Our motto is &#8220;Live better! Work comfortably!&#8221; We realize that people and companies who use our services are on a journey to achieve better living or working conditions. It is our mission to ensure our customers achieve their goals in an easy, safe, and enjoyable manner. In a way that will bring only positive emotions afterward.<\/p><p><span style=\"color: #ff9900;\"><strong>\u2058<\/strong><\/span>\u00a0 Be it an apartment or a family home, an office or a land unit; whether it&#8217;s buying or selling or renting, a real estate transaction can be incredibly easy when you have the right partner.<\/p><p><span style=\"color: #ff9900;\"><strong>\u2058<\/strong><\/span>\u00a0 We provide a complete package of real estate transaction preparation and implementation, from property evaluation and sales or purchase strategy development to the execution and management of all stages of the transaction until the successful finalization of the deal.<\/p>\t\t\t\t\t\t\t\t<\/div>\n\t\t\t\t<\/div>\n\t\t\t\t\t<\/div>\n\t\t<\/div>\n\t\t\t\t\t<\/div>\n\t\t<\/section>\n\t\t\t\t<section class=\"elementor-section elementor-top-section elementor-element elementor-element-1dac885 elementor-hidden-tablet elementor-hidden-mobile elementor-section-boxed elementor-section-height-default elementor-section-height-default\" data-id=\"1dac885\" data-element_type=\"section\" data-e-type=\"section\">\n\t\t\t\t\t\t<div class=\"elementor-container elementor-column-gap-default\">\n\t\t\t\t\t<div class=\"elementor-column elementor-col-50 elementor-top-column elementor-element elementor-element-c8b332f\" data-id=\"c8b332f\" data-element_type=\"column\" data-e-type=\"column\">\n\t\t\t<div class=\"elementor-widget-wrap elementor-element-populated\">\n\t\t\t\t\t\t<div class=\"elementor-element elementor-element-35aab8c elementor-widget elementor-widget-image\" data-id=\"35aab8c\" data-element_type=\"widget\" data-e-type=\"widget\" data-widget_type=\"image.default\">\n\t\t\t\t<div class=\"elementor-widget-container\">\n\t\t\t\t\t\t\t\t\t\t\t\t\t\t\t<img fetchpriority=\"high\" decoding=\"async\" width=\"1769\" height=\"2560\" src=\"https:\/\/sinta.lv\/wp-content\/uploads\/2023\/06\/IMG_3590a3-scaled.jpg\" class=\"attachment-full size-full wp-image-2890\" alt=\"\" srcset=\"https:\/\/sinta.lv\/wp-content\/uploads\/2023\/06\/IMG_3590a3-scaled.jpg 1769w, https:\/\/sinta.lv\/wp-content\/uploads\/2023\/06\/IMG_3590a3-207x300.jpg 207w, https:\/\/sinta.lv\/wp-content\/uploads\/2023\/06\/IMG_3590a3-707x1024.jpg 707w, https:\/\/sinta.lv\/wp-content\/uploads\/2023\/06\/IMG_3590a3-768x1112.jpg 768w, https:\/\/sinta.lv\/wp-content\/uploads\/2023\/06\/IMG_3590a3-1061x1536.jpg 1061w, https:\/\/sinta.lv\/wp-content\/uploads\/2023\/06\/IMG_3590a3-1415x2048.jpg 1415w\" sizes=\"(max-width: 1769px) 100vw, 1769px\" \/>\t\t\t\t\t\t\t\t\t\t\t\t\t\t\t<\/div>\n\t\t\t\t<\/div>\n\t\t\t\t\t<\/div>\n\t\t<\/div>\n\t\t\t\t<div class=\"elementor-column elementor-col-50 elementor-top-column elementor-element elementor-element-4a3c775\" data-id=\"4a3c775\" data-element_type=\"column\" data-e-type=\"column\">\n\t\t\t<div class=\"elementor-widget-wrap elementor-element-populated\">\n\t\t\t\t\t\t<div class=\"elementor-element elementor-element-a88a035 elementor-widget__width-inherit elementor-widget elementor-widget-text-editor\" data-id=\"a88a035\" data-element_type=\"widget\" data-e-type=\"widget\" data-widget_type=\"text-editor.default\">\n\t\t\t\t<div class=\"elementor-widget-container\">\n\t\t\t\t\t\t\t\t\t<p><span style=\"color: #ff9900;\"><strong>\u2058<\/strong><\/span>\u00a0 Quality service of customer deals is our sole purpose. Honesty, loyalty and transparency are the keywords describing our work. That&#8217;s why we get positive feedback from customers. That&#8217;s why customers come back to us and recommend Sinta to others.<\/p><p><span style=\"color: #ff9900;\">Live better! Work comfortably!<\/span><\/p>\t\t\t\t\t\t\t\t<\/div>\n\t\t\t\t<\/div>\n\t\t\t\t<div class=\"elementor-element elementor-element-f387d2d elementor-widget__width-inherit elementor-widget elementor-widget-text-editor\" data-id=\"f387d2d\" data-element_type=\"widget\" data-e-type=\"widget\" data-widget_type=\"text-editor.default\">\n\t\t\t\t<div class=\"elementor-widget-container\">\n\t\t\t\t\t\t\t\t\t<p><i>Andris Pastors<\/i><\/p>\t\t\t\t\t\t\t\t<\/div>\n\t\t\t\t<\/div>\n\t\t\t\t<div class=\"elementor-element elementor-element-cdf4812 elementor-widget__width-inherit elementor-widget elementor-widget-text-editor\" data-id=\"cdf4812\" data-element_type=\"widget\" data-e-type=\"widget\" data-widget_type=\"text-editor.default\">\n\t\t\t\t<div class=\"elementor-widget-container\">\n\t\t\t\t\t\t\t\t\t<p><i>Registered Realtor<br>Head of the Company<\/i><\/p>\t\t\t\t\t\t\t\t<\/div>\n\t\t\t\t<\/div>\n\t\t\t\t\t<\/div>\n\t\t<\/div>\n\t\t\t\t\t<\/div>\n\t\t<\/section>\n\t\t\t\t<section class=\"elementor-section elementor-top-section elementor-element elementor-element-db6e035 elementor-hidden-desktop elementor-section-boxed elementor-section-height-default elementor-section-height-default\" data-id=\"db6e035\" data-element_type=\"section\" data-e-type=\"section\">\n\t\t\t\t\t\t<div class=\"elementor-container elementor-column-gap-default\">\n\t\t\t\t\t<div class=\"elementor-column elementor-col-100 elementor-top-column elementor-element elementor-element-9af9dbd\" data-id=\"9af9dbd\" data-element_type=\"column\" data-e-type=\"column\">\n\t\t\t<div class=\"elementor-widget-wrap elementor-element-populated\">\n\t\t\t\t\t\t<div class=\"elementor-element elementor-element-b8896f8 elementor-widget elementor-widget-text-editor\" data-id=\"b8896f8\" data-element_type=\"widget\" data-e-type=\"widget\" data-widget_type=\"text-editor.default\">\n\t\t\t\t<div class=\"elementor-widget-container\">\n\t\t\t\t\t\t\t\t\t<p><strong><span style=\"color: #ff9900;\">\u2058<\/span><\/strong>\u00a0 Quality service of customer deals is our sole purpose. Honesty, loyalty and transparency are the keywords describing our work. That&#8217;s why we get positive feedback from customers. That&#8217;s why customers come back to us and recommend Sinta to others.<\/p><p><span style=\"color: #ff9900;\">Live better! Work comfortably!<\/span><\/p>\t\t\t\t\t\t\t\t<\/div>\n\t\t\t\t<\/div>\n\t\t\t\t\t<\/div>\n\t\t<\/div>\n\t\t\t\t\t<\/div>\n\t\t<\/section>\n\t\t\t\t<section class=\"elementor-section elementor-top-section elementor-element elementor-element-f6c4460 elementor-hidden-desktop elementor-section-boxed elementor-section-height-default elementor-section-height-default\" data-id=\"f6c4460\" data-element_type=\"section\" data-e-type=\"section\">\n\t\t\t\t\t\t<div class=\"elementor-container elementor-column-gap-default\">\n\t\t\t\t\t<div class=\"elementor-column elementor-col-100 elementor-top-column elementor-element elementor-element-41d42c1\" data-id=\"41d42c1\" data-element_type=\"column\" data-e-type=\"column\">\n\t\t\t<div class=\"elementor-widget-wrap elementor-element-populated\">\n\t\t\t\t\t\t<div class=\"elementor-element elementor-element-3696d4e elementor-widget elementor-widget-image\" data-id=\"3696d4e\" data-element_type=\"widget\" data-e-type=\"widget\" data-widget_type=\"image.default\">\n\t\t\t\t<div class=\"elementor-widget-container\">\n\t\t\t\t\t\t\t\t\t\t\t\t\t\t\t<img fetchpriority=\"high\" decoding=\"async\" width=\"1769\" height=\"2560\" src=\"https:\/\/sinta.lv\/wp-content\/uploads\/2023\/06\/IMG_3590a3-scaled.jpg\" class=\"attachment-full size-full wp-image-2890\" alt=\"\" srcset=\"https:\/\/sinta.lv\/wp-content\/uploads\/2023\/06\/IMG_3590a3-scaled.jpg 1769w, https:\/\/sinta.lv\/wp-content\/uploads\/2023\/06\/IMG_3590a3-207x300.jpg 207w, https:\/\/sinta.lv\/wp-content\/uploads\/2023\/06\/IMG_3590a3-707x1024.jpg 707w, https:\/\/sinta.lv\/wp-content\/uploads\/2023\/06\/IMG_3590a3-768x1112.jpg 768w, https:\/\/sinta.lv\/wp-content\/uploads\/2023\/06\/IMG_3590a3-1061x1536.jpg 1061w, https:\/\/sinta.lv\/wp-content\/uploads\/2023\/06\/IMG_3590a3-1415x2048.jpg 1415w\" sizes=\"(max-width: 1769px) 100vw, 1769px\" \/>\t\t\t\t\t\t\t\t\t\t\t\t\t\t\t<\/div>\n\t\t\t\t<\/div>\n\t\t\t\t<div class=\"elementor-element elementor-element-4387da8 elementor-widget__width-inherit elementor-widget elementor-widget-text-editor\" data-id=\"4387da8\" data-element_type=\"widget\" data-e-type=\"widget\" data-widget_type=\"text-editor.default\">\n\t\t\t\t<div class=\"elementor-widget-container\">\n\t\t\t\t\t\t\t\t\t<p style=\"text-align: center;\"><i>Andris Pastors<\/i><\/p>\t\t\t\t\t\t\t\t<\/div>\n\t\t\t\t<\/div>\n\t\t\t\t<div class=\"elementor-element elementor-element-8154852 elementor-widget__width-inherit elementor-widget elementor-widget-text-editor\" data-id=\"8154852\" data-element_type=\"widget\" data-e-type=\"widget\" data-widget_type=\"text-editor.default\">\n\t\t\t\t<div class=\"elementor-widget-container\">\n\t\t\t\t\t\t\t\t\t<p style=\"text-align: center;\"><i>Registered Realtor<br \/>Head of the Company<\/i><\/p>\t\t\t\t\t\t\t\t<\/div>\n\t\t\t\t<\/div>\n\t\t\t\t\t<\/div>\n\t\t<\/div>\n\t\t\t\t\t<\/div>\n\t\t<\/section>\n\t\t\t\t<\/div>\n\t\t","protected":false},"excerpt":{"rendered":"<p>How Sinta works \u2058\u00a0 Our motto is &#8220;Live better! Work comfortably!&#8221; We realize that people and companies who use our services are on a journey to achieve better living or working conditions. It is our mission to ensure our customers achieve their goals in an easy, safe, and enjoyable manner. In a way that will [&hellip;]<\/p>\n","protected":false},"author":2,"featured_media":0,"parent":0,"menu_order":42,"comment_status":"closed","ping_status":"closed","template":"","meta":{"site-sidebar-layout":"no-sidebar","site-content-layout":"page-builder","ast-site-content-layout":"default","site-content-style":"default","site-sidebar-style":"default","ast-global-header-display":"","ast-banner-title-visibility":"","ast-main-header-display":"","ast-hfb-above-header-display":"","ast-hfb-below-header-display":"","ast-hfb-mobile-header-display":"","site-post-title":"disabled","ast-breadcrumbs-content":"","ast-featured-img":"disabled","footer-sml-layout":"","ast-disable-related-posts":"","theme-transparent-header-meta":"","adv-header-id-meta":"","stick-header-meta":"","header-above-stick-meta":"","header-main-stick-meta":"","header-below-stick-meta":"","astra-migrate-meta-layouts":"default","ast-page-background-enabled":"default","ast-page-background-meta":{"desktop":{"background-color":"var(--ast-global-color-4)","background-image":"","background-repeat":"repeat","background-position":"center center","background-size":"auto","background-attachment":"scroll","background-type":"","background-media":"","overlay-type":"","overlay-color":"","overlay-opacity":"","overlay-gradient":""},"tablet":{"background-color":"","background-image":"","background-repeat":"repeat","background-position":"center center","background-size":"auto","background-attachment":"scroll","background-type":"","background-media":"","overlay-type":"","overlay-color":"","overlay-opacity":"","overlay-gradient":""},"mobile":{"background-color":"","background-image":"","background-repeat":"repeat","background-position":"center center","background-size":"auto","background-attachment":"scroll","background-type":"","background-media":"","overlay-type":"","overlay-color":"","overlay-opacity":"","overlay-gradient":""}},"ast-content-background-meta":{"desktop":{"background-color":"var(--ast-global-color-5)","background-image":"","background-repeat":"repeat","background-position":"center center","background-size":"auto","background-attachment":"scroll","background-type":"","background-media":"","overlay-type":"","overlay-color":"","overlay-opacity":"","overlay-gradient":""},"tablet":{"background-color":"var(--ast-global-color-5)","background-image":"","background-repeat":"repeat","background-position":"center center","background-size":"auto","background-attachment":"scroll","background-type":"","background-media":"","overlay-type":"","overlay-color":"","overlay-opacity":"","overlay-gradient":""},"mobile":{"background-color":"var(--ast-global-color-5)","background-image":"","background-repeat":"repeat","background-position":"center center","background-size":"auto","background-attachment":"scroll","background-type":"","background-media":"","overlay-type":"","overlay-color":"","overlay-opacity":"","overlay-gradient":""}},"footnotes":""},"class_list":["post-2870","page","type-page","status-publish","hentry"],"_links":{"self":[{"href":"https:\/\/sinta.lv\/index.php\/wp-json\/wp\/v2\/pages\/2870","targetHints":{"allow":["GET"]}}],"collection":[{"href":"https:\/\/sinta.lv\/index.php\/wp-json\/wp\/v2\/pages"}],"about":[{"href":"https:\/\/sinta.lv\/index.php\/wp-json\/wp\/v2\/types\/page"}],"author":[{"embeddable":true,"href":"https:\/\/sinta.lv\/index.php\/wp-json\/wp\/v2\/users\/2"}],"replies":[{"embeddable":true,"href":"https:\/\/sinta.lv\/index.php\/wp-json\/wp\/v2\/comments?post=2870"}],"version-history":[{"count":0,"href":"https:\/\/sinta.lv\/index.php\/wp-json\/wp\/v2\/pages\/2870\/revisions"}],"wp:attachment":[{"href":"https:\/\/sinta.lv\/index.php\/wp-json\/wp\/v2\/media?parent=2870"}],"curies":[{"name":"wp","href":"https:\/\/api.w.org\/{rel}","templated":true}]}}