{"id":475,"date":"2023-03-15T15:20:53","date_gmt":"2023-03-15T13:20:53","guid":{"rendered":"https:\/\/sinta.lv\/?page_id=475"},"modified":"2024-11-29T13:02:24","modified_gmt":"2024-11-29T11:02:24","slug":"meklet-pec-manam-velmem","status":"publish","type":"page","link":"https:\/\/sinta.lv\/index.php\/meklet-pec-manam-velmem\/","title":{"rendered":"Objektu mekl\u0113\u0161ana"},"content":{"rendered":"\t\t<div data-elementor-type=\"wp-page\" data-elementor-id=\"475\" class=\"elementor elementor-475\">\n\t\t\t\t\t\t<section class=\"elementor-section elementor-top-section elementor-element elementor-element-7b73dad elementor-section-boxed elementor-section-height-default elementor-section-height-default\" data-id=\"7b73dad\" data-element_type=\"section\" data-e-type=\"section\">\n\t\t\t\t\t\t<div class=\"elementor-container elementor-column-gap-default\">\n\t\t\t\t\t<div class=\"elementor-column elementor-col-100 elementor-top-column elementor-element elementor-element-d2a3647\" data-id=\"d2a3647\" data-element_type=\"column\" data-e-type=\"column\">\n\t\t\t<div class=\"elementor-widget-wrap elementor-element-populated\">\n\t\t\t\t\t\t<div class=\"elementor-element elementor-element-bcba738 elementor-widget__width-initial elementor-widget elementor-widget-heading\" data-id=\"bcba738\" data-element_type=\"widget\" data-e-type=\"widget\" data-widget_type=\"heading.default\">\n\t\t\t\t<div class=\"elementor-widget-container\">\n\t\t\t\t\t<h2 class=\"elementor-heading-title elementor-size-default\">\u012apa\u0161uma mekl\u0113\u0161ana<\/h2>\t\t\t\t<\/div>\n\t\t\t\t<\/div>\n\t\t\t\t\t<\/div>\n\t\t<\/div>\n\t\t\t\t\t<\/div>\n\t\t<\/section>\n\t\t\t\t<section class=\"elementor-section elementor-top-section elementor-element elementor-element-128b0b1 elementor-section-boxed elementor-section-height-default elementor-section-height-default\" data-id=\"128b0b1\" data-element_type=\"section\" data-e-type=\"section\">\n\t\t\t\t\t\t<div class=\"elementor-container elementor-column-gap-default\">\n\t\t\t\t\t<div class=\"elementor-column elementor-col-100 elementor-top-column elementor-element elementor-element-45c7a93\" data-id=\"45c7a93\" data-element_type=\"column\" data-e-type=\"column\">\n\t\t\t<div class=\"elementor-widget-wrap elementor-element-populated\">\n\t\t\t\t\t\t<div class=\"elementor-element elementor-element-7a924f7 elementor-widget__width-initial elementor-widget-mobile__width-initial elementor-widget-tablet__width-initial elementor-widget elementor-widget-text-editor\" data-id=\"7a924f7\" data-element_type=\"widget\" data-e-type=\"widget\" data-widget_type=\"text-editor.default\">\n\t\t\t\t<div class=\"elementor-widget-container\">\n\t\t\t\t\t\t\t\t\t<p><span style=\"color: #ff9900;\"><strong>\u2058<\/strong><\/span>\u00a0 Ja tas eksist\u0113, m\u0113s to samekl\u0113sim. Aizpildi \u012bpa\u0161uma <a href=\"https:\/\/sinta.lv\/index.php\/kontaktinfo\/\">mekl\u0113\u0161anas formu<\/a>, nor\u0101dot b\u016btiskos parametrus. M\u0113s ar tevi sazin\u0101simies, lai preciz\u0113tu deta\u013cas, un uzreiz uzs\u0101ksim darbu, lai atrastu \u012bpa\u0161umu, kas atbilst tav\u0101m vajadz\u012bb\u0101m.<\/p>\t\t\t\t\t\t\t\t<\/div>\n\t\t\t\t<\/div>\n\t\t\t\t\t<\/div>\n\t\t<\/div>\n\t\t\t\t\t<\/div>\n\t\t<\/section>\n\t\t\t\t<section class=\"elementor-section elementor-top-section elementor-element elementor-element-f74b130 elementor-hidden-desktop elementor-hidden-mobile elementor-section-boxed elementor-section-height-default elementor-section-height-default\" data-id=\"f74b130\" data-element_type=\"section\" data-e-type=\"section\">\n\t\t\t\t\t\t<div class=\"elementor-container elementor-column-gap-default\">\n\t\t\t\t\t<div class=\"elementor-column elementor-col-100 elementor-top-column elementor-element elementor-element-88534e6\" data-id=\"88534e6\" data-element_type=\"column\" data-e-type=\"column\">\n\t\t\t<div class=\"elementor-widget-wrap elementor-element-populated\">\n\t\t\t\t\t\t<div class=\"elementor-element elementor-element-07de36f elementor-widget__width-initial elementor-widget elementor-widget-text-editor\" data-id=\"07de36f\" data-element_type=\"widget\" data-e-type=\"widget\" data-widget_type=\"text-editor.default\">\n\t\t\t\t<div class=\"elementor-widget-container\">\n\t\t\t\t\t\t\t\t\t<p style=\"text-align: left;\">Mekl\u0113\u0161anas pakalpojum\u0101 ietilpst:<\/p><ul><li>piem\u0113rota \u012bpa\u0161uma atra\u0161ana<\/li><li>tiesisk\u0101 p\u0101rbaude<\/li><li>iesp\u0113jamo apgr\u016btin\u0101jumu noskaidro\u0161ana<\/li><li>tehnisk\u0101 st\u0101vok\u013ca noteik\u0161ana, ieskaitot apskati uz vietas<\/li><li>kvalific\u0113ta v\u0113rt\u0113juma sagatavo\u0161ana (vajadz\u012bbas gad\u012bjum\u0101)<\/li><li>p\u0101rrunas ar p\u0101rdev\u0113jiem vai iznom\u0101t\u0101jiem\u00a0<\/li><li>l\u012bguma sast\u0101d\u012b\u0161ana un saska\u0146o\u0161ana<\/li><li>not\u0101ra apmekl\u0113juma organiz\u0113\u0161ana<\/li><li>\u012bpa\u0161uma pie\u0146em\u0161anas procesa vad\u012b\u0161ana<\/li><\/ul>\t\t\t\t\t\t\t\t<\/div>\n\t\t\t\t<\/div>\n\t\t\t\t<div class=\"elementor-element elementor-element-b7addb1 elementor-widget__width-initial elementor-widget-mobile__width-initial elementor-widget-tablet__width-initial elementor-widget elementor-widget-image\" data-id=\"b7addb1\" data-element_type=\"widget\" data-e-type=\"widget\" data-widget_type=\"image.default\">\n\t\t\t\t<div class=\"elementor-widget-container\">\n\t\t\t\t\t\t\t\t\t\t\t\t\t\t\t<img fetchpriority=\"high\" decoding=\"async\" width=\"2560\" height=\"1707\" src=\"https:\/\/sinta.lv\/wp-content\/uploads\/2023\/05\/AdobeStock_332974910-ilustracija-majas-meklesanai-scaled.jpg\" class=\"attachment-full size-full wp-image-2412\" alt=\"\" srcset=\"https:\/\/sinta.lv\/wp-content\/uploads\/2023\/05\/AdobeStock_332974910-ilustracija-majas-meklesanai-scaled.jpg 2560w, https:\/\/sinta.lv\/wp-content\/uploads\/2023\/05\/AdobeStock_332974910-ilustracija-majas-meklesanai-300x200.jpg 300w, https:\/\/sinta.lv\/wp-content\/uploads\/2023\/05\/AdobeStock_332974910-ilustracija-majas-meklesanai-1024x683.jpg 1024w, https:\/\/sinta.lv\/wp-content\/uploads\/2023\/05\/AdobeStock_332974910-ilustracija-majas-meklesanai-768x512.jpg 768w, https:\/\/sinta.lv\/wp-content\/uploads\/2023\/05\/AdobeStock_332974910-ilustracija-majas-meklesanai-1536x1024.jpg 1536w, https:\/\/sinta.lv\/wp-content\/uploads\/2023\/05\/AdobeStock_332974910-ilustracija-majas-meklesanai-2048x1366.jpg 2048w\" sizes=\"(max-width: 2560px) 100vw, 2560px\" \/>\t\t\t\t\t\t\t\t\t\t\t\t\t\t\t<\/div>\n\t\t\t\t<\/div>\n\t\t\t\t\t<\/div>\n\t\t<\/div>\n\t\t\t\t\t<\/div>\n\t\t<\/section>\n\t\t\t\t<section class=\"elementor-section elementor-top-section elementor-element elementor-element-6571fa8 elementor-hidden-tablet elementor-section-boxed elementor-section-height-default elementor-section-height-default\" data-id=\"6571fa8\" data-element_type=\"section\" data-e-type=\"section\">\n\t\t\t\t\t\t<div class=\"elementor-container elementor-column-gap-default\">\n\t\t\t\t\t<div class=\"elementor-column elementor-col-50 elementor-top-column elementor-element elementor-element-0261b18\" data-id=\"0261b18\" data-element_type=\"column\" data-e-type=\"column\">\n\t\t\t<div class=\"elementor-widget-wrap elementor-element-populated\">\n\t\t\t\t\t\t<div class=\"elementor-element elementor-element-2eb5248 elementor-widget-mobile__width-initial elementor-widget elementor-widget-text-editor\" data-id=\"2eb5248\" data-element_type=\"widget\" data-e-type=\"widget\" data-widget_type=\"text-editor.default\">\n\t\t\t\t<div class=\"elementor-widget-container\">\n\t\t\t\t\t\t\t\t\t<p style=\"text-align: left;\"><span style=\"color: #ff9900;\"><strong>\u2058<\/strong><\/span>\u00a0 Mekl\u0113\u0161anas pakalpojum\u0101 ietilpst:<\/p><ul><li>piem\u0113rota \u012bpa\u0161uma atra\u0161ana<\/li><li>tiesisk\u0101 p\u0101rbaude<\/li><li>iesp\u0113jamo apgr\u016btin\u0101jumu noskaidro\u0161ana<\/li><li>tehnisk\u0101 st\u0101vok\u013ca noteik\u0161ana, ieskaitot apskati uz vietas<\/li><li>kvalific\u0113ta v\u0113rt\u0113juma sagatavo\u0161ana (vajadz\u012bbas gad\u012bjum\u0101)<\/li><li>p\u0101rrunas ar p\u0101rdev\u0113jiem vai iznom\u0101t\u0101jiem\u00a0<\/li><li>l\u012bguma sast\u0101d\u012b\u0161ana un saska\u0146o\u0161ana<\/li><li>not\u0101ra apmekl\u0113juma organiz\u0113\u0161ana<\/li><li>\u012bpa\u0161uma pie\u0146em\u0161anas procesa vad\u012b\u0161ana<\/li><\/ul>\t\t\t\t\t\t\t\t<\/div>\n\t\t\t\t<\/div>\n\t\t\t\t\t<\/div>\n\t\t<\/div>\n\t\t\t\t<div class=\"elementor-column elementor-col-50 elementor-top-column elementor-element elementor-element-fd045f9\" data-id=\"fd045f9\" data-element_type=\"column\" data-e-type=\"column\">\n\t\t\t<div class=\"elementor-widget-wrap elementor-element-populated\">\n\t\t\t\t\t\t<div class=\"elementor-element elementor-element-8f8bc94 elementor-widget__width-initial elementor-widget-mobile__width-initial elementor-widget elementor-widget-image\" data-id=\"8f8bc94\" data-element_type=\"widget\" data-e-type=\"widget\" data-widget_type=\"image.default\">\n\t\t\t\t<div class=\"elementor-widget-container\">\n\t\t\t\t\t\t\t\t\t\t\t\t\t\t\t<img fetchpriority=\"high\" decoding=\"async\" width=\"2560\" height=\"1707\" src=\"https:\/\/sinta.lv\/wp-content\/uploads\/2023\/05\/AdobeStock_332974910-ilustracija-majas-meklesanai-scaled.jpg\" class=\"attachment-full size-full wp-image-2412\" alt=\"\" srcset=\"https:\/\/sinta.lv\/wp-content\/uploads\/2023\/05\/AdobeStock_332974910-ilustracija-majas-meklesanai-scaled.jpg 2560w, https:\/\/sinta.lv\/wp-content\/uploads\/2023\/05\/AdobeStock_332974910-ilustracija-majas-meklesanai-300x200.jpg 300w, https:\/\/sinta.lv\/wp-content\/uploads\/2023\/05\/AdobeStock_332974910-ilustracija-majas-meklesanai-1024x683.jpg 1024w, https:\/\/sinta.lv\/wp-content\/uploads\/2023\/05\/AdobeStock_332974910-ilustracija-majas-meklesanai-768x512.jpg 768w, https:\/\/sinta.lv\/wp-content\/uploads\/2023\/05\/AdobeStock_332974910-ilustracija-majas-meklesanai-1536x1024.jpg 1536w, https:\/\/sinta.lv\/wp-content\/uploads\/2023\/05\/AdobeStock_332974910-ilustracija-majas-meklesanai-2048x1366.jpg 2048w\" sizes=\"(max-width: 2560px) 100vw, 2560px\" \/>\t\t\t\t\t\t\t\t\t\t\t\t\t\t\t<\/div>\n\t\t\t\t<\/div>\n\t\t\t\t\t<\/div>\n\t\t<\/div>\n\t\t\t\t\t<\/div>\n\t\t<\/section>\n\t\t\t\t<section class=\"elementor-section elementor-top-section elementor-element elementor-element-0406d1e elementor-section-boxed elementor-section-height-default elementor-section-height-default\" data-id=\"0406d1e\" data-element_type=\"section\" data-e-type=\"section\">\n\t\t\t\t\t\t<div class=\"elementor-container elementor-column-gap-default\">\n\t\t\t\t\t<div class=\"elementor-column elementor-col-100 elementor-top-column elementor-element elementor-element-53439b1\" data-id=\"53439b1\" data-element_type=\"column\" data-e-type=\"column\">\n\t\t\t<div class=\"elementor-widget-wrap elementor-element-populated\">\n\t\t\t\t\t\t<div class=\"elementor-element elementor-element-c675c77 elementor-widget__width-initial elementor-widget-mobile__width-initial elementor-widget-tablet__width-initial elementor-widget elementor-widget-text-editor\" data-id=\"c675c77\" data-element_type=\"widget\" data-e-type=\"widget\" data-widget_type=\"text-editor.default\">\n\t\t\t\t<div class=\"elementor-widget-container\">\n\t\t\t\t\t\t\t\t\t<p><span style=\"color: #ff9900;\"><strong>\u2058<\/strong><\/span>\u00a0 Visu mekl\u0113\u0161anas laiku inform\u0113sim par notikumu gaitu un, vajadz\u012bbas gad\u012bjum\u0101, ieteiksim risin\u0101jumus lab\u0101k\u0101 l\u0113muma pie\u0146em\u0161anai. Mums ir svar\u012bgi, lai tu b\u016btu apmierin\u0101ts\/-a gan ar procesu, gan ar rezult\u0101tu.<\/p>\t\t\t\t\t\t\t\t<\/div>\n\t\t\t\t<\/div>\n\t\t\t\t\t<\/div>\n\t\t<\/div>\n\t\t\t\t\t<\/div>\n\t\t<\/section>\n\t\t\t\t<\/div>\n\t\t","protected":false},"excerpt":{"rendered":"<p>\u012apa\u0161uma mekl\u0113\u0161ana \u2058\u00a0 Ja tas eksist\u0113, m\u0113s to samekl\u0113sim. Aizpildi \u012bpa\u0161uma mekl\u0113\u0161anas formu, nor\u0101dot b\u016btiskos parametrus. M\u0113s ar tevi sazin\u0101simies, lai preciz\u0113tu deta\u013cas, un uzreiz uzs\u0101ksim darbu, lai atrastu \u012bpa\u0161umu, kas atbilst tav\u0101m vajadz\u012bb\u0101m. Mekl\u0113\u0161anas pakalpojum\u0101 ietilpst: piem\u0113rota \u012bpa\u0161uma atra\u0161ana tiesisk\u0101 p\u0101rbaude iesp\u0113jamo apgr\u016btin\u0101jumu noskaidro\u0161ana tehnisk\u0101 st\u0101vok\u013ca noteik\u0161ana, ieskaitot apskati uz vietas kvalific\u0113ta v\u0113rt\u0113juma sagatavo\u0161ana [&hellip;]<\/p>\n","protected":false},"author":2,"featured_media":0,"parent":0,"menu_order":4,"comment_status":"closed","ping_status":"closed","template":"","meta":{"site-sidebar-layout":"no-sidebar","site-content-layout":"page-builder","ast-site-content-layout":"default","site-content-style":"default","site-sidebar-style":"default","ast-global-header-display":"","ast-banner-title-visibility":"","ast-main-header-display":"","ast-hfb-above-header-display":"","ast-hfb-below-header-display":"","ast-hfb-mobile-header-display":"","site-post-title":"disabled","ast-breadcrumbs-content":"","ast-featured-img":"disabled","footer-sml-layout":"","ast-disable-related-posts":"","theme-transparent-header-meta":"","adv-header-id-meta":"","stick-header-meta":"","header-above-stick-meta":"","header-main-stick-meta":"","header-below-stick-meta":"","astra-migrate-meta-layouts":"default","ast-page-background-enabled":"default","ast-page-background-meta":{"desktop":{"background-color":"var(--ast-global-color-4)","background-image":"","background-repeat":"repeat","background-position":"center center","background-size":"auto","background-attachment":"scroll","background-type":"","background-media":"","overlay-type":"","overlay-color":"","overlay-opacity":"","overlay-gradient":""},"tablet":{"background-color":"","background-image":"","background-repeat":"repeat","background-position":"center center","background-size":"auto","background-attachment":"scroll","background-type":"","background-media":"","overlay-type":"","overlay-color":"","overlay-opacity":"","overlay-gradient":""},"mobile":{"background-color":"","background-image":"","background-repeat":"repeat","background-position":"center center","background-size":"auto","background-attachment":"scroll","background-type":"","background-media":"","overlay-type":"","overlay-color":"","overlay-opacity":"","overlay-gradient":""}},"ast-content-background-meta":{"desktop":{"background-color":"var(--ast-global-color-5)","background-image":"","background-repeat":"repeat","background-position":"center center","background-size":"auto","background-attachment":"scroll","background-type":"","background-media":"","overlay-type":"","overlay-color":"","overlay-opacity":"","overlay-gradient":""},"tablet":{"background-color":"var(--ast-global-color-5)","background-image":"","background-repeat":"repeat","background-position":"center center","background-size":"auto","background-attachment":"scroll","background-type":"","background-media":"","overlay-type":"","overlay-color":"","overlay-opacity":"","overlay-gradient":""},"mobile":{"background-color":"var(--ast-global-color-5)","background-image":"","background-repeat":"repeat","background-position":"center center","background-size":"auto","background-attachment":"scroll","background-type":"","background-media":"","overlay-type":"","overlay-color":"","overlay-opacity":"","overlay-gradient":""}},"footnotes":""},"class_list":["post-475","page","type-page","status-publish","hentry"],"_links":{"self":[{"href":"https:\/\/sinta.lv\/index.php\/wp-json\/wp\/v2\/pages\/475","targetHints":{"allow":["GET"]}}],"collection":[{"href":"https:\/\/sinta.lv\/index.php\/wp-json\/wp\/v2\/pages"}],"about":[{"href":"https:\/\/sinta.lv\/index.php\/wp-json\/wp\/v2\/types\/page"}],"author":[{"embeddable":true,"href":"https:\/\/sinta.lv\/index.php\/wp-json\/wp\/v2\/users\/2"}],"replies":[{"embeddable":true,"href":"https:\/\/sinta.lv\/index.php\/wp-json\/wp\/v2\/comments?post=475"}],"version-history":[{"count":0,"href":"https:\/\/sinta.lv\/index.php\/wp-json\/wp\/v2\/pages\/475\/revisions"}],"wp:attachment":[{"href":"https:\/\/sinta.lv\/index.php\/wp-json\/wp\/v2\/media?parent=475"}],"curies":[{"name":"wp","href":"https:\/\/api.w.org\/{rel}","templated":true}]}}