{"id":65,"date":"2023-03-13T13:50:26","date_gmt":"2023-03-13T11:50:26","guid":{"rendered":"https:\/\/sinta.lv\/?page_id=65"},"modified":"2024-11-29T13:00:31","modified_gmt":"2024-11-29T11:00:31","slug":"gribu-pardot-iziret-iznomat","status":"publish","type":"page","link":"https:\/\/sinta.lv\/index.php\/galvena-lapa\/gribu-pardot-iziret-iznomat\/","title":{"rendered":"V\u0113los P\u0101rdot \/ Iz\u012br\u0113t \/ Iznom\u0101t"},"content":{"rendered":"\t\t<div data-elementor-type=\"wp-page\" data-elementor-id=\"65\" class=\"elementor elementor-65\">\n\t\t\t\t\t\t<section class=\"elementor-section elementor-top-section elementor-element elementor-element-2cc6e05 elementor-section-boxed elementor-section-height-default elementor-section-height-default\" data-id=\"2cc6e05\" data-element_type=\"section\" data-e-type=\"section\">\n\t\t\t\t\t\t<div class=\"elementor-container elementor-column-gap-default\">\n\t\t\t\t\t<div class=\"elementor-column elementor-col-100 elementor-top-column elementor-element elementor-element-880225a\" data-id=\"880225a\" data-element_type=\"column\" data-e-type=\"column\">\n\t\t\t<div class=\"elementor-widget-wrap elementor-element-populated\">\n\t\t\t\t\t\t<div class=\"elementor-element elementor-element-d6e6670 elementor-widget elementor-widget-heading\" data-id=\"d6e6670\" data-element_type=\"widget\" data-e-type=\"widget\" data-widget_type=\"heading.default\">\n\t\t\t\t<div class=\"elementor-widget-container\">\n\t\t\t\t\t<h2 class=\"elementor-heading-title elementor-size-default\">\u012apa\u0161uma p\u0101rdo\u0161ana un iznom\u0101\u0161ana<\/h2>\t\t\t\t<\/div>\n\t\t\t\t<\/div>\n\t\t\t\t\t<\/div>\n\t\t<\/div>\n\t\t\t\t\t<\/div>\n\t\t<\/section>\n\t\t\t\t<section class=\"elementor-section elementor-top-section elementor-element elementor-element-e45b247 elementor-section-boxed elementor-section-height-default elementor-section-height-default\" data-id=\"e45b247\" data-element_type=\"section\" data-e-type=\"section\">\n\t\t\t\t\t\t<div class=\"elementor-container elementor-column-gap-default\">\n\t\t\t\t\t<div class=\"elementor-column elementor-col-100 elementor-top-column elementor-element elementor-element-a7d4f4e\" data-id=\"a7d4f4e\" data-element_type=\"column\" data-e-type=\"column\">\n\t\t\t<div class=\"elementor-widget-wrap elementor-element-populated\">\n\t\t\t\t\t\t<div class=\"elementor-element elementor-element-fa9d5eb elementor-widget__width-initial elementor-widget-mobile__width-initial elementor-widget-tablet__width-initial elementor-widget elementor-widget-text-editor\" data-id=\"fa9d5eb\" data-element_type=\"widget\" data-e-type=\"widget\" data-widget_type=\"text-editor.default\">\n\t\t\t\t<div class=\"elementor-widget-container\">\n\t\t\t\t\t\t\t\t\t<p><span style=\"color: #ff9900;\"><strong>\u2058<\/strong><\/span>\u00a0 J\u0101p\u0101rdod dz\u012bvoklis vai priv\u0101tm\u0101ja? Vai zemes gabals? J\u0101atrod labu nomnieku telp\u0101m? Aizpildi <a href=\"https:\/\/sinta.lv\/index.php\/kontaktinfo\/\">pieteikuma formu<\/a>. M\u0113s ar tevi sazin\u0101simies, lai preciz\u0113tu deta\u013cas un nosac\u012bjumus, un nekav\u0113joties s\u0101ksim darbu.<\/p>\t\t\t\t\t\t\t\t<\/div>\n\t\t\t\t<\/div>\n\t\t\t\t\t<\/div>\n\t\t<\/div>\n\t\t\t\t\t<\/div>\n\t\t<\/section>\n\t\t\t\t<section class=\"elementor-section elementor-top-section elementor-element elementor-element-f0ba8ae elementor-hidden-desktop elementor-hidden-mobile elementor-section-boxed elementor-section-height-default elementor-section-height-default\" data-id=\"f0ba8ae\" data-element_type=\"section\" data-e-type=\"section\">\n\t\t\t\t\t\t<div class=\"elementor-container elementor-column-gap-default\">\n\t\t\t\t\t<div class=\"elementor-column elementor-col-100 elementor-top-column elementor-element elementor-element-983bb90\" data-id=\"983bb90\" data-element_type=\"column\" data-e-type=\"column\">\n\t\t\t<div class=\"elementor-widget-wrap elementor-element-populated\">\n\t\t\t\t\t\t<div class=\"elementor-element elementor-element-4a8d683 elementor-widget__width-initial elementor-widget elementor-widget-text-editor\" data-id=\"4a8d683\" data-element_type=\"widget\" data-e-type=\"widget\" data-widget_type=\"text-editor.default\">\n\t\t\t\t<div class=\"elementor-widget-container\">\n\t\t\t\t\t\t\t\t\t<p style=\"text-align: left;\">P\u0101rdo\u0161anas vai iznom\u0101\u0161anas pakalpojum\u0101 ietilpst:<\/p>\n<ul>\n<li>\u012bpa\u0161uma apskate un p\u0101rdo\u0161anas strat\u0113\u0123ijas sagatavo\u0161ana<\/li>\n<li>fotograf\u0113\u0161ana un foto portfe\u013ca izveido\u0161ana<\/li>\n<li>pirc\u0113ju (vai nomnieku) piesaist\u012b\u0161ana<\/li>\n<li>apska\u0161u vad\u012b\u0161ana,<\/li>\n<li>pirc\u0113ju (vai nomnieku) tiesisk\u0101 p\u0101rbaude<\/li>\n<li>p\u0101rrunu veik\u0161ana ar pirc\u0113jiem (vai nomniekiem)<\/li>\n<li>l\u012bguma sast\u0101d\u012b\u0161ana un saska\u0146o\u0161ana<\/li>\n<li>not\u0101ra apmekl\u0113juma organiz\u0113\u0161ana (p\u0101rdo\u0161anas gad\u012bjum\u0101)<\/li>\n<li>\u012bpa\u0161uma nodo\u0161anas procesa vad\u012b\u0161ana<\/li>\n<\/ul>\t\t\t\t\t\t\t\t<\/div>\n\t\t\t\t<\/div>\n\t\t\t\t<div class=\"elementor-element elementor-element-5a3953b elementor-widget elementor-widget-image\" data-id=\"5a3953b\" data-element_type=\"widget\" data-e-type=\"widget\" data-widget_type=\"image.default\">\n\t\t\t\t<div class=\"elementor-widget-container\">\n\t\t\t\t\t\t\t\t\t\t\t\t\t\t\t<img fetchpriority=\"high\" decoding=\"async\" width=\"1024\" height=\"683\" src=\"https:\/\/sinta.lv\/wp-content\/uploads\/2023\/05\/shutterstock_1437231725-darijuma-slegsana-1024x683.jpg\" class=\"attachment-large size-large wp-image-2295\" alt=\"\" srcset=\"https:\/\/sinta.lv\/wp-content\/uploads\/2023\/05\/shutterstock_1437231725-darijuma-slegsana-1024x683.jpg 1024w, https:\/\/sinta.lv\/wp-content\/uploads\/2023\/05\/shutterstock_1437231725-darijuma-slegsana-300x200.jpg 300w, https:\/\/sinta.lv\/wp-content\/uploads\/2023\/05\/shutterstock_1437231725-darijuma-slegsana-768x512.jpg 768w, https:\/\/sinta.lv\/wp-content\/uploads\/2023\/05\/shutterstock_1437231725-darijuma-slegsana-1536x1024.jpg 1536w, https:\/\/sinta.lv\/wp-content\/uploads\/2023\/05\/shutterstock_1437231725-darijuma-slegsana-2048x1365.jpg 2048w\" sizes=\"(max-width: 1024px) 100vw, 1024px\" \/>\t\t\t\t\t\t\t\t\t\t\t\t\t\t\t<\/div>\n\t\t\t\t<\/div>\n\t\t\t\t\t<\/div>\n\t\t<\/div>\n\t\t\t\t\t<\/div>\n\t\t<\/section>\n\t\t\t\t<section class=\"elementor-section elementor-top-section elementor-element elementor-element-f5eab3f elementor-hidden-tablet elementor-section-boxed elementor-section-height-default elementor-section-height-default\" data-id=\"f5eab3f\" data-element_type=\"section\" data-e-type=\"section\">\n\t\t\t\t\t\t<div class=\"elementor-container elementor-column-gap-default\">\n\t\t\t\t\t<div class=\"elementor-column elementor-col-50 elementor-top-column elementor-element elementor-element-7817c80\" data-id=\"7817c80\" data-element_type=\"column\" data-e-type=\"column\">\n\t\t\t<div class=\"elementor-widget-wrap elementor-element-populated\">\n\t\t\t\t\t\t<div class=\"elementor-element elementor-element-3bc15b5 elementor-widget__width-initial elementor-widget elementor-widget-text-editor\" data-id=\"3bc15b5\" data-element_type=\"widget\" data-e-type=\"widget\" data-widget_type=\"text-editor.default\">\n\t\t\t\t<div class=\"elementor-widget-container\">\n\t\t\t\t\t\t\t\t\t<p style=\"text-align: left;\"><span style=\"color: #ff9900;\"><strong>\u2058<\/strong><\/span>\u00a0 P\u0101rdo\u0161anas vai iznom\u0101\u0161anas pakalpojum\u0101 ietilpst:<\/p><ul><li>\u012bpa\u0161uma apskate un p\u0101rdo\u0161anas strat\u0113\u0123ijas sagatavo\u0161ana<\/li><li>fotograf\u0113\u0161ana un foto portfe\u013ca izveido\u0161ana<\/li><li>pirc\u0113ju (vai nomnieku) piesaist\u012b\u0161ana<\/li><li>apska\u0161u vad\u012b\u0161ana,<\/li><li>pirc\u0113ju (vai nomnieku) tiesisk\u0101 p\u0101rbaude<\/li><li>p\u0101rrunu veik\u0161ana ar pirc\u0113jiem (vai nomniekiem)<\/li><li>l\u012bguma sast\u0101d\u012b\u0161ana un saska\u0146o\u0161ana<\/li><li>not\u0101ra apmekl\u0113juma organiz\u0113\u0161ana (p\u0101rdo\u0161anas gad\u012bjum\u0101)<\/li><li>\u012bpa\u0161uma nodo\u0161anas procesa vad\u012b\u0161ana<\/li><\/ul>\t\t\t\t\t\t\t\t<\/div>\n\t\t\t\t<\/div>\n\t\t\t\t\t<\/div>\n\t\t<\/div>\n\t\t\t\t<div class=\"elementor-column elementor-col-50 elementor-top-column elementor-element elementor-element-88bb1ce\" data-id=\"88bb1ce\" data-element_type=\"column\" data-e-type=\"column\">\n\t\t\t<div class=\"elementor-widget-wrap elementor-element-populated\">\n\t\t\t\t\t\t<div class=\"elementor-element elementor-element-cbac8ba elementor-widget elementor-widget-image\" data-id=\"cbac8ba\" data-element_type=\"widget\" data-e-type=\"widget\" data-widget_type=\"image.default\">\n\t\t\t\t<div class=\"elementor-widget-container\">\n\t\t\t\t\t\t\t\t\t\t\t\t\t\t\t<img fetchpriority=\"high\" decoding=\"async\" width=\"1024\" height=\"683\" src=\"https:\/\/sinta.lv\/wp-content\/uploads\/2023\/05\/shutterstock_1437231725-darijuma-slegsana-1024x683.jpg\" class=\"attachment-large size-large wp-image-2295\" alt=\"\" srcset=\"https:\/\/sinta.lv\/wp-content\/uploads\/2023\/05\/shutterstock_1437231725-darijuma-slegsana-1024x683.jpg 1024w, https:\/\/sinta.lv\/wp-content\/uploads\/2023\/05\/shutterstock_1437231725-darijuma-slegsana-300x200.jpg 300w, https:\/\/sinta.lv\/wp-content\/uploads\/2023\/05\/shutterstock_1437231725-darijuma-slegsana-768x512.jpg 768w, https:\/\/sinta.lv\/wp-content\/uploads\/2023\/05\/shutterstock_1437231725-darijuma-slegsana-1536x1024.jpg 1536w, https:\/\/sinta.lv\/wp-content\/uploads\/2023\/05\/shutterstock_1437231725-darijuma-slegsana-2048x1365.jpg 2048w\" sizes=\"(max-width: 1024px) 100vw, 1024px\" \/>\t\t\t\t\t\t\t\t\t\t\t\t\t\t\t<\/div>\n\t\t\t\t<\/div>\n\t\t\t\t\t<\/div>\n\t\t<\/div>\n\t\t\t\t\t<\/div>\n\t\t<\/section>\n\t\t\t\t<section class=\"elementor-section elementor-top-section elementor-element elementor-element-ea4e4c3 elementor-section-boxed elementor-section-height-default elementor-section-height-default\" data-id=\"ea4e4c3\" data-element_type=\"section\" data-e-type=\"section\">\n\t\t\t\t\t\t<div class=\"elementor-container elementor-column-gap-default\">\n\t\t\t\t\t<div class=\"elementor-column elementor-col-100 elementor-top-column elementor-element elementor-element-00cdad3\" data-id=\"00cdad3\" data-element_type=\"column\" data-e-type=\"column\">\n\t\t\t<div class=\"elementor-widget-wrap elementor-element-populated\">\n\t\t\t\t\t\t<div class=\"elementor-element elementor-element-de28ea7 elementor-widget__width-initial elementor-widget-tablet__width-initial elementor-widget-mobile__width-initial elementor-widget elementor-widget-text-editor\" data-id=\"de28ea7\" data-element_type=\"widget\" data-e-type=\"widget\" data-widget_type=\"text-editor.default\">\n\t\t\t\t<div class=\"elementor-widget-container\">\n\t\t\t\t\t\t\t\t\t<p><span style=\"color: #ff9900;\"><strong>\u2058<\/strong><\/span>\u00a0 \u012apa\u0161uma p\u0101rdo\u0161ana ir nopietns dar\u012bjums. Un telpu iznom\u0101\u0161an\u0101 \u013coti svar\u012bgi ir atrast \u012bsto partneri ilgsto\u0161ai un konstrukt\u012bvai sadarb\u012bbai. Uztici \u0161os uzdevumus speci\u0101listam, kur\u0161 p\u0101rzina savu jomu, un nodro\u0161ina, ka dar\u012bjums notiek viegli, dro\u0161i, likum\u012bgi, neapstr\u012bdami un uz tev izdev\u012bgiem nosac\u012bjumiem.<\/p><p><span style=\"color: #ff9900;\"><strong>\u2058<\/strong><\/span>\u00a0 T\u0101, lai nosl\u0113gum\u0101 tev ir prieks par rezult\u0101tu un mums gandar\u012bjums par labi paveiktu darbu.<\/p>\t\t\t\t\t\t\t\t<\/div>\n\t\t\t\t<\/div>\n\t\t\t\t\t<\/div>\n\t\t<\/div>\n\t\t\t\t\t<\/div>\n\t\t<\/section>\n\t\t\t\t<\/div>\n\t\t","protected":false},"excerpt":{"rendered":"<p>\u012apa\u0161uma p\u0101rdo\u0161ana un iznom\u0101\u0161ana \u2058\u00a0 J\u0101p\u0101rdod dz\u012bvoklis vai priv\u0101tm\u0101ja? Vai zemes gabals? J\u0101atrod labu nomnieku telp\u0101m? Aizpildi pieteikuma formu. M\u0113s ar tevi sazin\u0101simies, lai preciz\u0113tu deta\u013cas un nosac\u012bjumus, un nekav\u0113joties s\u0101ksim darbu. P\u0101rdo\u0161anas vai iznom\u0101\u0161anas pakalpojum\u0101 ietilpst: \u012bpa\u0161uma apskate un p\u0101rdo\u0161anas strat\u0113\u0123ijas sagatavo\u0161ana fotograf\u0113\u0161ana un foto portfe\u013ca izveido\u0161ana pirc\u0113ju (vai nomnieku) piesaist\u012b\u0161ana apska\u0161u vad\u012b\u0161ana, pirc\u0113ju [&hellip;]<\/p>\n","protected":false},"author":2,"featured_media":0,"parent":62,"menu_order":2,"comment_status":"closed","ping_status":"closed","template":"","meta":{"site-sidebar-layout":"no-sidebar","site-content-layout":"page-builder","ast-site-content-layout":"default","site-content-style":"default","site-sidebar-style":"default","ast-global-header-display":"","ast-banner-title-visibility":"","ast-main-header-display":"","ast-hfb-above-header-display":"","ast-hfb-below-header-display":"","ast-hfb-mobile-header-display":"","site-post-title":"disabled","ast-breadcrumbs-content":"","ast-featured-img":"disabled","footer-sml-layout":"","ast-disable-related-posts":"","theme-transparent-header-meta":"","adv-header-id-meta":"","stick-header-meta":"","header-above-stick-meta":"","header-main-stick-meta":"","header-below-stick-meta":"","astra-migrate-meta-layouts":"default","ast-page-background-enabled":"default","ast-page-background-meta":{"desktop":{"background-color":"var(--ast-global-color-4)","background-image":"","background-repeat":"repeat","background-position":"center center","background-size":"auto","background-attachment":"scroll","background-type":"","background-media":"","overlay-type":"","overlay-color":"","overlay-opacity":"","overlay-gradient":""},"tablet":{"background-color":"","background-image":"","background-repeat":"repeat","background-position":"center center","background-size":"auto","background-attachment":"scroll","background-type":"","background-media":"","overlay-type":"","overlay-color":"","overlay-opacity":"","overlay-gradient":""},"mobile":{"background-color":"","background-image":"","background-repeat":"repeat","background-position":"center center","background-size":"auto","background-attachment":"scroll","background-type":"","background-media":"","overlay-type":"","overlay-color":"","overlay-opacity":"","overlay-gradient":""}},"ast-content-background-meta":{"desktop":{"background-color":"var(--ast-global-color-5)","background-image":"","background-repeat":"repeat","background-position":"center center","background-size":"auto","background-attachment":"scroll","background-type":"","background-media":"","overlay-type":"","overlay-color":"","overlay-opacity":"","overlay-gradient":""},"tablet":{"background-color":"var(--ast-global-color-5)","background-image":"","background-repeat":"repeat","background-position":"center center","background-size":"auto","background-attachment":"scroll","background-type":"","background-media":"","overlay-type":"","overlay-color":"","overlay-opacity":"","overlay-gradient":""},"mobile":{"background-color":"var(--ast-global-color-5)","background-image":"","background-repeat":"repeat","background-position":"center center","background-size":"auto","background-attachment":"scroll","background-type":"","background-media":"","overlay-type":"","overlay-color":"","overlay-opacity":"","overlay-gradient":""}},"footnotes":""},"class_list":["post-65","page","type-page","status-publish","hentry"],"_links":{"self":[{"href":"https:\/\/sinta.lv\/index.php\/wp-json\/wp\/v2\/pages\/65","targetHints":{"allow":["GET"]}}],"collection":[{"href":"https:\/\/sinta.lv\/index.php\/wp-json\/wp\/v2\/pages"}],"about":[{"href":"https:\/\/sinta.lv\/index.php\/wp-json\/wp\/v2\/types\/page"}],"author":[{"embeddable":true,"href":"https:\/\/sinta.lv\/index.php\/wp-json\/wp\/v2\/users\/2"}],"replies":[{"embeddable":true,"href":"https:\/\/sinta.lv\/index.php\/wp-json\/wp\/v2\/comments?post=65"}],"version-history":[{"count":0,"href":"https:\/\/sinta.lv\/index.php\/wp-json\/wp\/v2\/pages\/65\/revisions"}],"up":[{"embeddable":true,"href":"https:\/\/sinta.lv\/index.php\/wp-json\/wp\/v2\/pages\/62"}],"wp:attachment":[{"href":"https:\/\/sinta.lv\/index.php\/wp-json\/wp\/v2\/media?parent=65"}],"curies":[{"name":"wp","href":"https:\/\/api.w.org\/{rel}","templated":true}]}}