{"id":67,"date":"2023-03-13T13:56:20","date_gmt":"2023-03-13T11:56:20","guid":{"rendered":"https:\/\/sinta.lv\/?page_id=67"},"modified":"2024-11-29T13:03:40","modified_gmt":"2024-11-29T11:03:40","slug":"vajag-vertejumu","status":"publish","type":"page","link":"https:\/\/sinta.lv\/index.php\/vajag-vertejumu\/","title":{"rendered":"Vajadz\u012bgs \u012bpa\u0161uma v\u0113rt\u0113jums"},"content":{"rendered":"\t\t<div data-elementor-type=\"wp-page\" data-elementor-id=\"67\" class=\"elementor elementor-67\">\n\t\t\t\t\t\t<section class=\"elementor-section elementor-top-section elementor-element elementor-element-602362a elementor-section-boxed elementor-section-height-default elementor-section-height-default\" data-id=\"602362a\" data-element_type=\"section\" data-e-type=\"section\">\n\t\t\t\t\t\t<div class=\"elementor-container elementor-column-gap-default\">\n\t\t\t\t\t<div class=\"elementor-column elementor-col-100 elementor-top-column elementor-element elementor-element-2550b5d\" data-id=\"2550b5d\" data-element_type=\"column\" data-e-type=\"column\">\n\t\t\t<div class=\"elementor-widget-wrap elementor-element-populated\">\n\t\t\t\t\t\t<div class=\"elementor-element elementor-element-4f1ae57 elementor-widget elementor-widget-heading\" data-id=\"4f1ae57\" data-element_type=\"widget\" data-e-type=\"widget\" data-widget_type=\"heading.default\">\n\t\t\t\t<div class=\"elementor-widget-container\">\n\t\t\t\t\t<h2 class=\"elementor-heading-title elementor-size-default\">Noskaidro sava \u012bpa\u0161uma v\u0113rt\u012bbu<\/h2>\t\t\t\t<\/div>\n\t\t\t\t<\/div>\n\t\t\t\t\t<\/div>\n\t\t<\/div>\n\t\t\t\t\t<\/div>\n\t\t<\/section>\n\t\t\t\t<section class=\"elementor-section elementor-top-section elementor-element elementor-element-25cd0fd elementor-hidden-desktop elementor-hidden-mobile elementor-section-boxed elementor-section-height-default elementor-section-height-default\" data-id=\"25cd0fd\" data-element_type=\"section\" data-e-type=\"section\">\n\t\t\t\t\t\t<div class=\"elementor-container elementor-column-gap-wide\">\n\t\t\t\t\t<div class=\"elementor-column elementor-col-100 elementor-top-column elementor-element elementor-element-2efdcb2\" data-id=\"2efdcb2\" data-element_type=\"column\" data-e-type=\"column\">\n\t\t\t<div class=\"elementor-widget-wrap elementor-element-populated\">\n\t\t\t\t\t\t<div class=\"elementor-element elementor-element-67ef184 elementor-widget__width-initial elementor-widget elementor-widget-text-editor\" data-id=\"67ef184\" data-element_type=\"widget\" data-e-type=\"widget\" data-widget_type=\"text-editor.default\">\n\t\t\t\t<div class=\"elementor-widget-container\">\n\t\t\t\t\t\t\t\t\t<p>Gribi zin\u0101t sava \u012bpa\u0161uma re\u0101lo v\u0113rt\u012bbu? Nepiecie\u0161ams v\u0113rt\u0113jums bankai aizdevuma sa\u0146em\u0161anai? Vajag nov\u0113rt\u0113t \u012bpa\u0161umu ieguld\u012b\u0161anai biznesa kapit\u0101l\u0101? \u0160ie ir bie\u017e\u0101kie, kaut ar\u012b ne vien\u012bgie, gad\u012bjumi, kad ir vajadz\u012bgs \u012bpa\u0161uma v\u0113rt\u0113jums.<\/p><p>Aizpildi <a href=\"https:\/\/sinta.lv\/index.php\/kontaktinfo\/\">pieteikuma formu<\/a>, un sagatavo \u012bpa\u0161uma dokumentus, kuri b\u016bs nepiecie\u0161ami, lai uzs\u0101ktu v\u0113rt\u0113\u0161anu. Dz\u012bvoklim vai m\u0101jai tie b\u016bs \u2013 <strong>pilnais inventariz\u0101cijas pl\u0101ns<\/strong> un, ja veikta p\u0101rb\u016bve, tad ar\u012b<strong> p\u0101rb\u016bves projekts<\/strong>. Zemes gad\u012bjum\u0101 \u2013 <strong>zemes robe\u017eu pl\u0101ns<\/strong> un <strong>apgr\u016btin\u0101jumu pl\u0101ns<\/strong>.<\/p><p>M\u0113s sagatavosim objekt\u012bvu v\u0113rt\u0113jumu no sertific\u0113ta v\u0113rt\u0113t\u0101ja, kuru<br \/>atz\u012bst un akcept\u0113 konkr\u0113t\u0101 iest\u0101de, kam j\u0101iesniedz v\u0113rt\u0113jums. Pie mums<br \/>var nov\u0113rt\u0113t piln\u012bgi jebko \u2013 gan dz\u012bvokli un priv\u0101tm\u0101ju, gan<br \/>lauksaimniec\u012bbas zemi vai ra\u017eo\u0161anas telpas, lai kur\u0101 valsts re\u0123ion\u0101 tavs<br \/>\u012bpa\u0161ums ar\u012b neatrastos. Un izdar\u012bsim to iesp\u0113jami \u012bs\u0101 laik\u0101.<\/p>\t\t\t\t\t\t\t\t<\/div>\n\t\t\t\t<\/div>\n\t\t\t\t<div class=\"elementor-element elementor-element-ff64a43 elementor-widget elementor-widget-image\" data-id=\"ff64a43\" data-element_type=\"widget\" data-e-type=\"widget\" data-widget_type=\"image.default\">\n\t\t\t\t<div class=\"elementor-widget-container\">\n\t\t\t\t\t\t\t\t\t\t\t\t\t\t\t<img fetchpriority=\"high\" decoding=\"async\" width=\"2560\" height=\"1663\" src=\"https:\/\/sinta.lv\/wp-content\/uploads\/2023\/05\/shutterstock_1887854044-novertesana-scaled.jpg\" class=\"attachment-full size-full wp-image-2302\" alt=\"\" srcset=\"https:\/\/sinta.lv\/wp-content\/uploads\/2023\/05\/shutterstock_1887854044-novertesana-scaled.jpg 2560w, https:\/\/sinta.lv\/wp-content\/uploads\/2023\/05\/shutterstock_1887854044-novertesana-300x195.jpg 300w, https:\/\/sinta.lv\/wp-content\/uploads\/2023\/05\/shutterstock_1887854044-novertesana-1024x665.jpg 1024w, https:\/\/sinta.lv\/wp-content\/uploads\/2023\/05\/shutterstock_1887854044-novertesana-768x499.jpg 768w, https:\/\/sinta.lv\/wp-content\/uploads\/2023\/05\/shutterstock_1887854044-novertesana-1536x998.jpg 1536w, https:\/\/sinta.lv\/wp-content\/uploads\/2023\/05\/shutterstock_1887854044-novertesana-2048x1331.jpg 2048w\" sizes=\"(max-width: 2560px) 100vw, 2560px\" \/>\t\t\t\t\t\t\t\t\t\t\t\t\t\t\t<\/div>\n\t\t\t\t<\/div>\n\t\t\t\t\t<\/div>\n\t\t<\/div>\n\t\t\t\t\t<\/div>\n\t\t<\/section>\n\t\t\t\t<section class=\"elementor-section elementor-top-section elementor-element elementor-element-47cc4eb elementor-hidden-tablet elementor-section-boxed elementor-section-height-default elementor-section-height-default\" data-id=\"47cc4eb\" data-element_type=\"section\" data-e-type=\"section\">\n\t\t\t\t\t\t<div class=\"elementor-container elementor-column-gap-wide\">\n\t\t\t\t\t<div class=\"elementor-column elementor-col-50 elementor-top-column elementor-element elementor-element-08304fa\" data-id=\"08304fa\" data-element_type=\"column\" data-e-type=\"column\">\n\t\t\t<div class=\"elementor-widget-wrap elementor-element-populated\">\n\t\t\t\t\t\t<div class=\"elementor-element elementor-element-8e80fc2 elementor-widget__width-initial elementor-widget elementor-widget-text-editor\" data-id=\"8e80fc2\" data-element_type=\"widget\" data-e-type=\"widget\" data-widget_type=\"text-editor.default\">\n\t\t\t\t<div class=\"elementor-widget-container\">\n\t\t\t\t\t\t\t\t\t<p><span style=\"color: #ff9900;\"><strong>\u2058<\/strong><\/span>\u00a0 Gribi zin\u0101t sava \u012bpa\u0161uma re\u0101lo v\u0113rt\u012bbu? Nepiecie\u0161ams v\u0113rt\u0113jums bankai aizdevuma sa\u0146em\u0161anai? Vajag nov\u0113rt\u0113t \u012bpa\u0161umu ieguld\u012b\u0161anai biznesa kapit\u0101l\u0101? \u0160ie ir bie\u017e\u0101kie, kaut ar\u012b ne vien\u012bgie, gad\u012bjumi, kad ir vajadz\u012bgs \u012bpa\u0161uma v\u0113rt\u0113jums.<\/p><p><span style=\"color: #ff9900;\"><strong>\u2058<\/strong><\/span>\u00a0 Aizpildi <a href=\"https:\/\/sinta.lv\/index.php\/kontaktinfo\/\">pieteikuma formu<\/a>, un sagatavo \u012bpa\u0161uma dokumentus, kuri b\u016bs nepiecie\u0161ami, lai uzs\u0101ktu v\u0113rt\u0113\u0161anu. Dz\u012bvoklim vai m\u0101jai tie b\u016bs \u2013 <strong>pilnais inventariz\u0101cijas pl\u0101ns<\/strong> un, ja veikta p\u0101rb\u016bve, tad ar\u012b<strong> p\u0101rb\u016bves projekts<\/strong>. Zemes gad\u012bjum\u0101 \u2013 <strong>zemes robe\u017eu pl\u0101ns<\/strong> un <strong>apgr\u016btin\u0101jumu pl\u0101ns<\/strong>.<\/p><p><span style=\"color: #ff9900;\"><strong>\u2058<\/strong><\/span>\u00a0 M\u0113s sagatavosim objekt\u012bvu v\u0113rt\u0113jumu no sertific\u0113ta v\u0113rt\u0113t\u0101ja, kuru atz\u012bst un akcept\u0113 konkr\u0113t\u0101 iest\u0101de, kam j\u0101iesniedz v\u0113rt\u0113jums. Pie mums var nov\u0113rt\u0113t piln\u012bgi jebko \u2013 gan dz\u012bvokli un priv\u0101tm\u0101ju, gan lauksaimniec\u012bbas zemi vai ra\u017eo\u0161anas telpas, lai kur\u0101 valsts re\u0123ion\u0101 tavs \u012bpa\u0161ums ar\u012b neatrastos. Un izdar\u012bsim to iesp\u0113jami \u012bs\u0101 laik\u0101.<\/p>\t\t\t\t\t\t\t\t<\/div>\n\t\t\t\t<\/div>\n\t\t\t\t\t<\/div>\n\t\t<\/div>\n\t\t\t\t<div class=\"elementor-column elementor-col-50 elementor-top-column elementor-element elementor-element-41b96a0\" data-id=\"41b96a0\" data-element_type=\"column\" data-e-type=\"column\">\n\t\t\t<div class=\"elementor-widget-wrap elementor-element-populated\">\n\t\t\t\t\t\t<div class=\"elementor-element elementor-element-26612df elementor-widget elementor-widget-image\" data-id=\"26612df\" data-element_type=\"widget\" data-e-type=\"widget\" data-widget_type=\"image.default\">\n\t\t\t\t<div class=\"elementor-widget-container\">\n\t\t\t\t\t\t\t\t\t\t\t\t\t\t\t<img fetchpriority=\"high\" decoding=\"async\" width=\"2560\" height=\"1663\" src=\"https:\/\/sinta.lv\/wp-content\/uploads\/2023\/05\/shutterstock_1887854044-novertesana-scaled.jpg\" class=\"attachment-full size-full wp-image-2302\" alt=\"\" srcset=\"https:\/\/sinta.lv\/wp-content\/uploads\/2023\/05\/shutterstock_1887854044-novertesana-scaled.jpg 2560w, https:\/\/sinta.lv\/wp-content\/uploads\/2023\/05\/shutterstock_1887854044-novertesana-300x195.jpg 300w, https:\/\/sinta.lv\/wp-content\/uploads\/2023\/05\/shutterstock_1887854044-novertesana-1024x665.jpg 1024w, https:\/\/sinta.lv\/wp-content\/uploads\/2023\/05\/shutterstock_1887854044-novertesana-768x499.jpg 768w, https:\/\/sinta.lv\/wp-content\/uploads\/2023\/05\/shutterstock_1887854044-novertesana-1536x998.jpg 1536w, https:\/\/sinta.lv\/wp-content\/uploads\/2023\/05\/shutterstock_1887854044-novertesana-2048x1331.jpg 2048w\" sizes=\"(max-width: 2560px) 100vw, 2560px\" \/>\t\t\t\t\t\t\t\t\t\t\t\t\t\t\t<\/div>\n\t\t\t\t<\/div>\n\t\t\t\t\t<\/div>\n\t\t<\/div>\n\t\t\t\t\t<\/div>\n\t\t<\/section>\n\t\t\t\t<\/div>\n\t\t","protected":false},"excerpt":{"rendered":"<p>Noskaidro sava \u012bpa\u0161uma v\u0113rt\u012bbu Gribi zin\u0101t sava \u012bpa\u0161uma re\u0101lo v\u0113rt\u012bbu? Nepiecie\u0161ams v\u0113rt\u0113jums bankai aizdevuma sa\u0146em\u0161anai? Vajag nov\u0113rt\u0113t \u012bpa\u0161umu ieguld\u012b\u0161anai biznesa kapit\u0101l\u0101? \u0160ie ir bie\u017e\u0101kie, kaut ar\u012b ne vien\u012bgie, gad\u012bjumi, kad ir vajadz\u012bgs \u012bpa\u0161uma v\u0113rt\u0113jums. Aizpildi pieteikuma formu, un sagatavo \u012bpa\u0161uma dokumentus, kuri b\u016bs nepiecie\u0161ami, lai uzs\u0101ktu v\u0113rt\u0113\u0161anu. Dz\u012bvoklim vai m\u0101jai tie b\u016bs \u2013 pilnais inventariz\u0101cijas [&hellip;]<\/p>\n","protected":false},"author":2,"featured_media":0,"parent":0,"menu_order":5,"comment_status":"closed","ping_status":"closed","template":"","meta":{"site-sidebar-layout":"no-sidebar","site-content-layout":"page-builder","ast-site-content-layout":"default","site-content-style":"default","site-sidebar-style":"default","ast-global-header-display":"","ast-banner-title-visibility":"","ast-main-header-display":"","ast-hfb-above-header-display":"","ast-hfb-below-header-display":"","ast-hfb-mobile-header-display":"","site-post-title":"disabled","ast-breadcrumbs-content":"","ast-featured-img":"disabled","footer-sml-layout":"","ast-disable-related-posts":"","theme-transparent-header-meta":"","adv-header-id-meta":"","stick-header-meta":"","header-above-stick-meta":"","header-main-stick-meta":"","header-below-stick-meta":"","astra-migrate-meta-layouts":"default","ast-page-background-enabled":"default","ast-page-background-meta":{"desktop":{"background-color":"var(--ast-global-color-4)","background-image":"","background-repeat":"repeat","background-position":"center center","background-size":"auto","background-attachment":"scroll","background-type":"","background-media":"","overlay-type":"","overlay-color":"","overlay-opacity":"","overlay-gradient":""},"tablet":{"background-color":"","background-image":"","background-repeat":"repeat","background-position":"center center","background-size":"auto","background-attachment":"scroll","background-type":"","background-media":"","overlay-type":"","overlay-color":"","overlay-opacity":"","overlay-gradient":""},"mobile":{"background-color":"","background-image":"","background-repeat":"repeat","background-position":"center center","background-size":"auto","background-attachment":"scroll","background-type":"","background-media":"","overlay-type":"","overlay-color":"","overlay-opacity":"","overlay-gradient":""}},"ast-content-background-meta":{"desktop":{"background-color":"var(--ast-global-color-5)","background-image":"","background-repeat":"repeat","background-position":"center center","background-size":"auto","background-attachment":"scroll","background-type":"","background-media":"","overlay-type":"","overlay-color":"","overlay-opacity":"","overlay-gradient":""},"tablet":{"background-color":"var(--ast-global-color-5)","background-image":"","background-repeat":"repeat","background-position":"center center","background-size":"auto","background-attachment":"scroll","background-type":"","background-media":"","overlay-type":"","overlay-color":"","overlay-opacity":"","overlay-gradient":""},"mobile":{"background-color":"var(--ast-global-color-5)","background-image":"","background-repeat":"repeat","background-position":"center center","background-size":"auto","background-attachment":"scroll","background-type":"","background-media":"","overlay-type":"","overlay-color":"","overlay-opacity":"","overlay-gradient":""}},"footnotes":""},"class_list":["post-67","page","type-page","status-publish","hentry"],"_links":{"self":[{"href":"https:\/\/sinta.lv\/index.php\/wp-json\/wp\/v2\/pages\/67","targetHints":{"allow":["GET"]}}],"collection":[{"href":"https:\/\/sinta.lv\/index.php\/wp-json\/wp\/v2\/pages"}],"about":[{"href":"https:\/\/sinta.lv\/index.php\/wp-json\/wp\/v2\/types\/page"}],"author":[{"embeddable":true,"href":"https:\/\/sinta.lv\/index.php\/wp-json\/wp\/v2\/users\/2"}],"replies":[{"embeddable":true,"href":"https:\/\/sinta.lv\/index.php\/wp-json\/wp\/v2\/comments?post=67"}],"version-history":[{"count":0,"href":"https:\/\/sinta.lv\/index.php\/wp-json\/wp\/v2\/pages\/67\/revisions"}],"wp:attachment":[{"href":"https:\/\/sinta.lv\/index.php\/wp-json\/wp\/v2\/media?parent=67"}],"curies":[{"name":"wp","href":"https:\/\/api.w.org\/{rel}","templated":true}]}}