{"id":69,"date":"2023-03-13T13:56:44","date_gmt":"2023-03-13T11:56:44","guid":{"rendered":"https:\/\/sinta.lv\/?page_id=69"},"modified":"2024-11-29T13:21:05","modified_gmt":"2024-11-29T11:21:05","slug":"velos-konsultaciju","status":"publish","type":"page","link":"https:\/\/sinta.lv\/index.php\/velos-konsultaciju\/","title":{"rendered":"Nepiecie\u0161ama konsult\u0101cija"},"content":{"rendered":"\t\t<div data-elementor-type=\"wp-page\" data-elementor-id=\"69\" class=\"elementor elementor-69\">\n\t\t\t\t\t\t<section class=\"elementor-section elementor-top-section elementor-element elementor-element-b6c622a elementor-section-boxed elementor-section-height-default elementor-section-height-default\" data-id=\"b6c622a\" data-element_type=\"section\" data-e-type=\"section\">\n\t\t\t\t\t\t<div class=\"elementor-container elementor-column-gap-default\">\n\t\t\t\t\t<div class=\"elementor-column elementor-col-100 elementor-top-column elementor-element elementor-element-7c07e23\" data-id=\"7c07e23\" data-element_type=\"column\" data-e-type=\"column\">\n\t\t\t<div class=\"elementor-widget-wrap elementor-element-populated\">\n\t\t\t\t\t\t<div class=\"elementor-element elementor-element-731d31a elementor-widget elementor-widget-heading\" data-id=\"731d31a\" data-element_type=\"widget\" data-e-type=\"widget\" data-widget_type=\"heading.default\">\n\t\t\t\t<div class=\"elementor-widget-container\">\n\t\t\t\t\t<h2 class=\"elementor-heading-title elementor-size-default\">Profesion\u0101ls padoms<\/h2>\t\t\t\t<\/div>\n\t\t\t\t<\/div>\n\t\t\t\t\t<\/div>\n\t\t<\/div>\n\t\t\t\t\t<\/div>\n\t\t<\/section>\n\t\t\t\t<section class=\"elementor-section elementor-top-section elementor-element elementor-element-ce4f2c2 elementor-hidden-tablet elementor-section-boxed elementor-section-height-default elementor-section-height-default\" data-id=\"ce4f2c2\" data-element_type=\"section\" data-e-type=\"section\">\n\t\t\t\t\t\t<div class=\"elementor-container elementor-column-gap-default\">\n\t\t\t\t\t<div class=\"elementor-column elementor-col-50 elementor-top-column elementor-element elementor-element-8dc2377\" data-id=\"8dc2377\" data-element_type=\"column\" data-e-type=\"column\">\n\t\t\t<div class=\"elementor-widget-wrap elementor-element-populated\">\n\t\t\t\t\t\t<div class=\"elementor-element elementor-element-7c739d0 elementor-widget elementor-widget-text-editor\" data-id=\"7c739d0\" data-element_type=\"widget\" data-e-type=\"widget\" data-widget_type=\"text-editor.default\">\n\t\t\t\t<div class=\"elementor-widget-container\">\n\t\t\t\t\t\t\t\t\t<p><span style=\"color: #ff9900;\"><strong>\u2058<\/strong><\/span>\u00a0 Dar\u012bjumi ar nekustamo \u012bpa\u0161umu p\u0113c savas b\u016bt\u012bbas ir dar\u012bjumi ar augstu riska l\u012bmeni. Tie ir dar\u012bjumi ar liel\u0101m naudas summ\u0101m un sare\u017e\u0123\u012btu dar\u012bjuma uzb\u016bvi, t\u0101p\u0113c ir j\u0101p\u0101rzina dar\u012bjumu veik\u0161anas process, j\u0101sp\u0113j str\u0101d\u0101t ar l\u012bgumiem, k\u0101 ar\u012b j\u0101p\u0101rzina un j\u0101iev\u0113ro da\u017e\u0101das ties\u012bbu normas. Ir j\u0101sp\u0113j adekv\u0101ti nov\u0113rt\u0113t \u012bpa\u0161uma tehniskais un tiesiskais st\u0101voklis, k\u0101 ar\u012b j\u0101orient\u0113jas nekustamo \u012bpa\u0161umu tirgus specifik\u0101.<\/p>\t\t\t\t\t\t\t\t<\/div>\n\t\t\t\t<\/div>\n\t\t\t\t<div class=\"elementor-element elementor-element-55016f8 elementor-widget elementor-widget-text-editor\" data-id=\"55016f8\" data-element_type=\"widget\" data-e-type=\"widget\" data-widget_type=\"text-editor.default\">\n\t\t\t\t<div class=\"elementor-widget-container\">\n\t\t\t\t\t\t\t\t\t<p><span style=\"color: #ff9900;\"><strong>\u2058<\/strong><\/span>\u00a0 Liel\u0101k\u0101 da\u013ca cilv\u0113ku ar \u0161\u0101d\u0101m liet\u0101m ikdien\u0101 nesaskaras, t\u0101p\u0113c ir pak\u013cauti riskam pie\u013caut k\u0101du k\u013c\u016bdu, kam var b\u016bt d\u0101rgas un t\u0101lejo\u0161as sekas. Lai t\u0101 nenotiktu, ir ieteicams, pirms viena no dz\u012bves nopietn\u0101kajiem dar\u012bjumiem veik\u0161anas, izrun\u0101t visas nianses ar ekspertu, lai tu b\u016btu dro\u0161s\/-a, ka dar\u012bjums tiek veikts atbilsto\u0161i likuma norm\u0101m un tav\u0101m lab\u0101kaj\u0101m interes\u0113m.<\/p><p><span style=\"color: #ff9900;\"><strong>\u2058<\/strong><\/span>\u00a0 Aizpildi <a href=\"https:\/\/sinta.lv\/index.php\/kontaktinfo\/\">pieteikuma formu<\/a> ar \u012bsu situ\u0101cijas aprakstu un m\u0113s ar tevi sazin\u0101simies, lai vienotos par konsult\u0101cijas laiku un vietu.<\/p>\t\t\t\t\t\t\t\t<\/div>\n\t\t\t\t<\/div>\n\t\t\t\t<div class=\"elementor-element elementor-element-3e378f7 elementor-widget elementor-widget-text-editor\" data-id=\"3e378f7\" data-element_type=\"widget\" data-e-type=\"widget\" data-widget_type=\"text-editor.default\">\n\t\t\t\t<div class=\"elementor-widget-container\">\n\t\t\t\t\t\t\t\t\t<p><span style=\"color: #ff9900;\"><strong>\u2058<\/strong><\/span>\u00a0 M\u0113s vienk\u0101r\u0161i un saprotami izskaidrosim visu, kas j\u0101\u0146em v\u0113r\u0101, gan sagatavojoties dar\u012bjumam, gan pa\u0161a dar\u012bjuma laik\u0101, lai viss norit\u0113tu gludi un dro\u0161i, k\u0101 ar\u012b ieteiksim lab\u0101kos risin\u0101jumus katr\u0101 konkr\u0113taj\u0101 situ\u0101cij\u0101.<\/p>\t\t\t\t\t\t\t\t<\/div>\n\t\t\t\t<\/div>\n\t\t\t\t\t<\/div>\n\t\t<\/div>\n\t\t\t\t<div class=\"elementor-column elementor-col-50 elementor-top-column elementor-element elementor-element-30fed16\" data-id=\"30fed16\" data-element_type=\"column\" data-e-type=\"column\">\n\t\t\t<div class=\"elementor-widget-wrap elementor-element-populated\">\n\t\t\t\t\t\t<div class=\"elementor-element elementor-element-8bf0534 elementor-widget elementor-widget-image\" data-id=\"8bf0534\" data-element_type=\"widget\" data-e-type=\"widget\" data-widget_type=\"image.default\">\n\t\t\t\t<div class=\"elementor-widget-container\">\n\t\t\t\t\t\t\t\t\t\t\t\t\t\t\t<img fetchpriority=\"high\" decoding=\"async\" width=\"2560\" height=\"1707\" src=\"https:\/\/sinta.lv\/wp-content\/uploads\/2023\/05\/AdobeStock_452270565-agents-konsulte-jaunu-pari-scaled.jpeg\" class=\"attachment-full size-full wp-image-2309\" alt=\"\" srcset=\"https:\/\/sinta.lv\/wp-content\/uploads\/2023\/05\/AdobeStock_452270565-agents-konsulte-jaunu-pari-scaled.jpeg 2560w, https:\/\/sinta.lv\/wp-content\/uploads\/2023\/05\/AdobeStock_452270565-agents-konsulte-jaunu-pari-300x200.jpeg 300w, https:\/\/sinta.lv\/wp-content\/uploads\/2023\/05\/AdobeStock_452270565-agents-konsulte-jaunu-pari-1024x683.jpeg 1024w, https:\/\/sinta.lv\/wp-content\/uploads\/2023\/05\/AdobeStock_452270565-agents-konsulte-jaunu-pari-768x512.jpeg 768w, https:\/\/sinta.lv\/wp-content\/uploads\/2023\/05\/AdobeStock_452270565-agents-konsulte-jaunu-pari-1536x1024.jpeg 1536w, https:\/\/sinta.lv\/wp-content\/uploads\/2023\/05\/AdobeStock_452270565-agents-konsulte-jaunu-pari-2048x1365.jpeg 2048w\" sizes=\"(max-width: 2560px) 100vw, 2560px\" \/>\t\t\t\t\t\t\t\t\t\t\t\t\t\t\t<\/div>\n\t\t\t\t<\/div>\n\t\t\t\t\t<\/div>\n\t\t<\/div>\n\t\t\t\t\t<\/div>\n\t\t<\/section>\n\t\t\t\t<section class=\"elementor-section elementor-top-section elementor-element elementor-element-b465266 elementor-hidden-desktop elementor-hidden-mobile elementor-section-boxed elementor-section-height-default elementor-section-height-default\" data-id=\"b465266\" data-element_type=\"section\" data-e-type=\"section\">\n\t\t\t\t\t\t<div class=\"elementor-container elementor-column-gap-wide\">\n\t\t\t\t\t<div class=\"elementor-column elementor-col-100 elementor-top-column elementor-element elementor-element-97e0af3\" data-id=\"97e0af3\" data-element_type=\"column\" data-e-type=\"column\">\n\t\t\t<div class=\"elementor-widget-wrap elementor-element-populated\">\n\t\t\t\t\t\t<div class=\"elementor-element elementor-element-0f6e625 elementor-widget__width-initial elementor-widget elementor-widget-text-editor\" data-id=\"0f6e625\" data-element_type=\"widget\" data-e-type=\"widget\" data-widget_type=\"text-editor.default\">\n\t\t\t\t<div class=\"elementor-widget-container\">\n\t\t\t\t\t\t\t\t\t<p>Dar\u012bjumi ar nekustamo \u012bpa\u0161umu p\u0113c savas b\u016bt\u012bbas ir dar\u012bjumi ar augstu riska l\u012bmeni. Tie ir dar\u012bjumi ar liel\u0101m naudas summ\u0101m, t\u0101p\u0113c par tiem pastiprin\u0101ta interese ir gan da\u017e\u0101d\u0101m valsts instit\u016bcij\u0101m, ieskaitot Valsts Ie\u0146\u0113mumu Dienestu, gan ar\u012b cilv\u0113kiem ar pazemin\u0101tu mor\u0101les normu l\u012bmeni. Lai korekti sadarbotos ar pirmajiem un izvair\u012btos no otrajiem, ir j\u0101p\u0101rzina nekustamo \u012bpa\u0161umu dar\u012bjumu veik\u0161anas process, j\u0101sp\u0113j str\u0101d\u0101t ar l\u012bgumiem, k\u0101 ar\u012b j\u0101p\u0101rzina un j\u0101iev\u0113ro da\u017e\u0101das ties\u012bbu normas. Ir j\u0101sp\u0113j adekv\u0101ti nov\u0113rt\u0113t \u012bpa\u0161uma tehniskais un tiesiskais st\u0101voklis, k\u0101 ar\u012b j\u0101orient\u0113jas nekustamo \u012bpa\u0161umu tirgus specifik\u0101.<\/p><p>Liel\u0101k\u0101 da\u013ca cilv\u0113ku ar \u0161\u0101d\u0101m liet\u0101m ikdien\u0101 nesaskaras un vi\u0146iem ir augsta iesp\u0113ja pie\u013caut k\u013c\u016bdu ar d\u0101rg\u0101m un t\u0101lejo\u0161\u0101m sek\u0101m. Lai ar tevi t\u0101 nenotiktu, ir ieteicams, pirms viena no dz\u012bves nopietn\u0101kajiem dar\u012bjumiem veik\u0161anas, izrun\u0101t visas nianses ar ekspertu, lai tu b\u016btu dro\u0161s\/-a, ka dar\u012bjums tiek veikts atbilsto\u0161i likuma norm\u0101m un tav\u0101m lab\u0101kaj\u0101m interes\u0113m.<\/p><p>Aizpildi <a href=\"https:\/\/sinta.lv\/index.php\/kontaktinfo\/\">pieteikuma formu<\/a> ar \u012bsu situ\u0101cijas aprakstu un m\u0113s ar tevi sazin\u0101simies, lai vienotos par konsult\u0101cijas laiku un vietu.<\/p><p>M\u0113s vienk\u0101r\u0161i un saprotami izskaidrosim visu, kas j\u0101\u0146em v\u0113r\u0101, gan sagatavojoties dar\u012bjumam, gan pa\u0161a dar\u012bjuma laik\u0101, lai viss norit\u0113tu gludi un dro\u0161i, k\u0101 ar\u012b ieteiksim lab\u0101kos risin\u0101jumus katr\u0101 konkr\u0113taj\u0101 situ\u0101cij\u0101.<\/p><p>\u00a0<\/p>\t\t\t\t\t\t\t\t<\/div>\n\t\t\t\t<\/div>\n\t\t\t\t<div class=\"elementor-element elementor-element-ff46b28 elementor-widget elementor-widget-image\" data-id=\"ff46b28\" data-element_type=\"widget\" data-e-type=\"widget\" data-widget_type=\"image.default\">\n\t\t\t\t<div class=\"elementor-widget-container\">\n\t\t\t\t\t\t\t\t\t\t\t\t\t\t\t<img fetchpriority=\"high\" decoding=\"async\" width=\"2560\" height=\"1707\" src=\"https:\/\/sinta.lv\/wp-content\/uploads\/2023\/05\/AdobeStock_452270565-agents-konsulte-jaunu-pari-scaled.jpeg\" class=\"attachment-full size-full wp-image-2309\" alt=\"\" srcset=\"https:\/\/sinta.lv\/wp-content\/uploads\/2023\/05\/AdobeStock_452270565-agents-konsulte-jaunu-pari-scaled.jpeg 2560w, https:\/\/sinta.lv\/wp-content\/uploads\/2023\/05\/AdobeStock_452270565-agents-konsulte-jaunu-pari-300x200.jpeg 300w, https:\/\/sinta.lv\/wp-content\/uploads\/2023\/05\/AdobeStock_452270565-agents-konsulte-jaunu-pari-1024x683.jpeg 1024w, https:\/\/sinta.lv\/wp-content\/uploads\/2023\/05\/AdobeStock_452270565-agents-konsulte-jaunu-pari-768x512.jpeg 768w, https:\/\/sinta.lv\/wp-content\/uploads\/2023\/05\/AdobeStock_452270565-agents-konsulte-jaunu-pari-1536x1024.jpeg 1536w, https:\/\/sinta.lv\/wp-content\/uploads\/2023\/05\/AdobeStock_452270565-agents-konsulte-jaunu-pari-2048x1365.jpeg 2048w\" sizes=\"(max-width: 2560px) 100vw, 2560px\" \/>\t\t\t\t\t\t\t\t\t\t\t\t\t\t\t<\/div>\n\t\t\t\t<\/div>\n\t\t\t\t\t<\/div>\n\t\t<\/div>\n\t\t\t\t\t<\/div>\n\t\t<\/section>\n\t\t\t\t<\/div>\n\t\t","protected":false},"excerpt":{"rendered":"<p>Profesion\u0101ls padoms \u2058\u00a0 Dar\u012bjumi ar nekustamo \u012bpa\u0161umu p\u0113c savas b\u016bt\u012bbas ir dar\u012bjumi ar augstu riska l\u012bmeni. Tie ir dar\u012bjumi ar liel\u0101m naudas summ\u0101m un sare\u017e\u0123\u012btu dar\u012bjuma uzb\u016bvi, t\u0101p\u0113c ir j\u0101p\u0101rzina dar\u012bjumu veik\u0161anas process, j\u0101sp\u0113j str\u0101d\u0101t ar l\u012bgumiem, k\u0101 ar\u012b j\u0101p\u0101rzina un j\u0101iev\u0113ro da\u017e\u0101das ties\u012bbu normas. Ir j\u0101sp\u0113j adekv\u0101ti nov\u0113rt\u0113t \u012bpa\u0161uma tehniskais un tiesiskais st\u0101voklis, k\u0101 [&hellip;]<\/p>\n","protected":false},"author":2,"featured_media":0,"parent":0,"menu_order":6,"comment_status":"closed","ping_status":"closed","template":"","meta":{"site-sidebar-layout":"no-sidebar","site-content-layout":"page-builder","ast-site-content-layout":"default","site-content-style":"default","site-sidebar-style":"default","ast-global-header-display":"","ast-banner-title-visibility":"","ast-main-header-display":"","ast-hfb-above-header-display":"","ast-hfb-below-header-display":"","ast-hfb-mobile-header-display":"","site-post-title":"disabled","ast-breadcrumbs-content":"","ast-featured-img":"disabled","footer-sml-layout":"","ast-disable-related-posts":"","theme-transparent-header-meta":"","adv-header-id-meta":"","stick-header-meta":"","header-above-stick-meta":"","header-main-stick-meta":"","header-below-stick-meta":"","astra-migrate-meta-layouts":"default","ast-page-background-enabled":"default","ast-page-background-meta":{"desktop":{"background-color":"var(--ast-global-color-4)","background-image":"","background-repeat":"repeat","background-position":"center center","background-size":"auto","background-attachment":"scroll","background-type":"","background-media":"","overlay-type":"","overlay-color":"","overlay-opacity":"","overlay-gradient":""},"tablet":{"background-color":"","background-image":"","background-repeat":"repeat","background-position":"center center","background-size":"auto","background-attachment":"scroll","background-type":"","background-media":"","overlay-type":"","overlay-color":"","overlay-opacity":"","overlay-gradient":""},"mobile":{"background-color":"","background-image":"","background-repeat":"repeat","background-position":"center center","background-size":"auto","background-attachment":"scroll","background-type":"","background-media":"","overlay-type":"","overlay-color":"","overlay-opacity":"","overlay-gradient":""}},"ast-content-background-meta":{"desktop":{"background-color":"var(--ast-global-color-5)","background-image":"","background-repeat":"repeat","background-position":"center center","background-size":"auto","background-attachment":"scroll","background-type":"","background-media":"","overlay-type":"","overlay-color":"","overlay-opacity":"","overlay-gradient":""},"tablet":{"background-color":"var(--ast-global-color-5)","background-image":"","background-repeat":"repeat","background-position":"center center","background-size":"auto","background-attachment":"scroll","background-type":"","background-media":"","overlay-type":"","overlay-color":"","overlay-opacity":"","overlay-gradient":""},"mobile":{"background-color":"var(--ast-global-color-5)","background-image":"","background-repeat":"repeat","background-position":"center center","background-size":"auto","background-attachment":"scroll","background-type":"","background-media":"","overlay-type":"","overlay-color":"","overlay-opacity":"","overlay-gradient":""}},"footnotes":""},"class_list":["post-69","page","type-page","status-publish","hentry"],"_links":{"self":[{"href":"https:\/\/sinta.lv\/index.php\/wp-json\/wp\/v2\/pages\/69","targetHints":{"allow":["GET"]}}],"collection":[{"href":"https:\/\/sinta.lv\/index.php\/wp-json\/wp\/v2\/pages"}],"about":[{"href":"https:\/\/sinta.lv\/index.php\/wp-json\/wp\/v2\/types\/page"}],"author":[{"embeddable":true,"href":"https:\/\/sinta.lv\/index.php\/wp-json\/wp\/v2\/users\/2"}],"replies":[{"embeddable":true,"href":"https:\/\/sinta.lv\/index.php\/wp-json\/wp\/v2\/comments?post=69"}],"version-history":[{"count":0,"href":"https:\/\/sinta.lv\/index.php\/wp-json\/wp\/v2\/pages\/69\/revisions"}],"wp:attachment":[{"href":"https:\/\/sinta.lv\/index.php\/wp-json\/wp\/v2\/media?parent=69"}],"curies":[{"name":"wp","href":"https:\/\/api.w.org\/{rel}","templated":true}]}}