{"id":73,"date":"2023-03-13T13:57:33","date_gmt":"2023-03-13T11:57:33","guid":{"rendered":"https:\/\/sinta.lv\/?page_id=73"},"modified":"2024-12-05T12:11:04","modified_gmt":"2024-12-05T10:11:04","slug":"man-ir-jautajumi","status":"publish","type":"page","link":"https:\/\/sinta.lv\/index.php\/man-ir-jautajumi\/","title":{"rendered":"Man ir jaut\u0101jumi"},"content":{"rendered":"\t\t<div data-elementor-type=\"wp-page\" data-elementor-id=\"73\" class=\"elementor elementor-73\">\n\t\t\t\t\t\t<section class=\"elementor-section elementor-top-section elementor-element elementor-element-b5bb06b elementor-section-boxed elementor-section-height-default elementor-section-height-default\" data-id=\"b5bb06b\" data-element_type=\"section\" data-e-type=\"section\">\n\t\t\t\t\t\t<div class=\"elementor-container elementor-column-gap-default\">\n\t\t\t\t\t<div class=\"elementor-column elementor-col-100 elementor-top-column elementor-element elementor-element-a7bf716\" data-id=\"a7bf716\" data-element_type=\"column\" data-e-type=\"column\">\n\t\t\t<div class=\"elementor-widget-wrap elementor-element-populated\">\n\t\t\t\t\t\t<div class=\"elementor-element elementor-element-43ebacb elementor-widget elementor-widget-heading\" data-id=\"43ebacb\" data-element_type=\"widget\" data-e-type=\"widget\" data-widget_type=\"heading.default\">\n\t\t\t\t<div class=\"elementor-widget-container\">\n\t\t\t\t\t<h2 class=\"elementor-heading-title elementor-size-default\">Bie\u017e\u0101k uzdotie jaut\u0101jumi<\/h2>\t\t\t\t<\/div>\n\t\t\t\t<\/div>\n\t\t\t\t\t<\/div>\n\t\t<\/div>\n\t\t\t\t\t<\/div>\n\t\t<\/section>\n\t\t\t\t<section class=\"elementor-section elementor-top-section elementor-element elementor-element-6d225ec elementor-section-boxed elementor-section-height-default elementor-section-height-default\" data-id=\"6d225ec\" data-element_type=\"section\" data-e-type=\"section\">\n\t\t\t\t\t\t<div class=\"elementor-container elementor-column-gap-default\">\n\t\t\t\t\t<div class=\"elementor-column elementor-col-100 elementor-top-column elementor-element elementor-element-79044e0\" data-id=\"79044e0\" data-element_type=\"column\" data-e-type=\"column\">\n\t\t\t<div class=\"elementor-widget-wrap elementor-element-populated\">\n\t\t\t\t\t\t<div class=\"elementor-element elementor-element-d9d0e1e elementor-widget elementor-widget-eael-adv-accordion\" data-id=\"d9d0e1e\" data-element_type=\"widget\" data-e-type=\"widget\" data-widget_type=\"eael-adv-accordion.default\">\n\t\t\t\t<div class=\"elementor-widget-container\">\n\t\t\t\t\t            <div class=\"eael-adv-accordion\" id=\"eael-adv-accordion-d9d0e1e\" data-scroll-on-click=\"no\" data-scroll-speed=\"300\" data-accordion-id=\"d9d0e1e\" data-accordion-type=\"accordion\" data-toogle-speed=\"300\">\n            <div class=\"eael-accordion-list\">\n\t\t\t\t\t<div id=\"kad-ir-labkais-laiks-prdot-paumu\" class=\"elementor-tab-title eael-accordion-header\" tabindex=\"0\" data-tab=\"1\" aria-controls=\"elementor-tab-content-2281\"><span class=\"eael-advanced-accordion-icon-closed\"><i aria-hidden=\"true\" class=\"fa-accordion-icon fas fa-plus\"><\/i><\/span><span class=\"eael-advanced-accordion-icon-opened\"><i aria-hidden=\"true\" class=\"fa-accordion-icon fas fa-minus\"><\/i><\/span><span class=\"eael-accordion-tab-title\">Kad ir lab\u0101kais laiks p\u0101rdot \u012bpa\u0161umu?<\/span><\/div><div id=\"elementor-tab-content-2281\" class=\"eael-accordion-content clearfix\" data-tab=\"1\" aria-labelledby=\"kad-ir-labkais-laiks-prdot-paumu\"><p>Nekustamo \u012bpa\u0161umu dar\u012bjumi notiek visu cauru gadu bez \u013coti izteiktiem sezon\u0101liem k\u0101pumiem un kritumiem. Tom\u0113r, pavasara un vasaras period\u0101 cilv\u0113ki ir optimistisk\u0101k noska\u0146oti un atv\u0113rt\u0101ki, t\u0101p\u0113c, p\u0101rdodot dz\u012bvokli, apb\u016bves zemi vai priv\u0101tm\u0101ju laik\u0101 no maija l\u012bdz j\u016blijam ir cer\u012bbas sagaid\u012bt \u012bs\u0101ku p\u0101rdo\u0161anas laiku un augst\u0101ku p\u0101rdo\u0161anas cenu, nek\u0101 cit\u0101 laik\u0101.<\/p><p>Komerc\u012bpa\u0161umiem l\u012bdz\u012bgas cer\u012bbas var\u0113tu b\u016bt laik\u0101 no septembra l\u012bdz decembrim, kad uz\u0146\u0113mumu ener\u0123ijas l\u012bmenis un aktivit\u0101te parasti ir augst\u0101ki.<\/p><\/div>\n\t\t\t\t\t<\/div><div class=\"eael-accordion-list\">\n\t\t\t\t\t<div id=\"cik-tri-var-prdot-paumu\" class=\"elementor-tab-title eael-accordion-header\" tabindex=\"0\" data-tab=\"2\" aria-controls=\"elementor-tab-content-2282\"><span class=\"eael-advanced-accordion-icon-closed\"><i aria-hidden=\"true\" class=\"fa-accordion-icon fas fa-plus\"><\/i><\/span><span class=\"eael-advanced-accordion-icon-opened\"><i aria-hidden=\"true\" class=\"fa-accordion-icon fas fa-minus\"><\/i><\/span><span class=\"eael-accordion-tab-title\">Cik \u0101tri var p\u0101rdot \u012bpa\u0161umu?<\/span><\/div><div id=\"elementor-tab-content-2282\" class=\"eael-accordion-content clearfix\" data-tab=\"2\" aria-labelledby=\"cik-tri-var-prdot-paumu\"><p>P\u0101rdo\u0161anas periods ir \u013coti atkar\u012bgs no t\u0101 cik labi \u012bpa\u0161ums sagatavots p\u0101rdo\u0161anai, cik pievilc\u012bgi tas tiek pasniegts potenci\u0101lajiem pirc\u0113jiem, cik adekv\u0101ti ir noteikta cena, cik prasm\u012bgi tiek veiktas p\u0101rrunas ar potenci\u0101lajiem pirc\u0113jiem un cik kvalitat\u012bvi tiek vad\u012bti visi dar\u012bjuma posmi.<\/p><p>Statistiski dz\u012bvok\u013ca p\u0101rdo\u0161ana vid\u0113ji prasa 3-6 m\u0113ne\u0161us, priv\u0101tm\u0101jas un zemes \u2013 6-12 m\u0113ne\u0161us, komerctelp\u0101m \u2013 6-12 m\u0113ne\u0161us. Iz\u012br\u0113\u0161anas vai iznom\u0101\u0161anas gad\u012bjum\u0101 termi\u0146i var\u0113tu b\u016bt uz pusi \u012bs\u0101ki nek\u0101 p\u0101rdodot, lai gan, komerctelp\u0101m tas var b\u016bt \u013coti at\u0161\u0137ir\u012bgi atkar\u012bb\u0101 no telpu specifikas un atra\u0161an\u0101s vietas.<\/p><\/div>\n\t\t\t\t\t<\/div><div class=\"eael-accordion-list\">\n\t\t\t\t\t<div id=\"vai-pauma-prdevjam-ir-kdi-izdevumi\" class=\"elementor-tab-title eael-accordion-header\" tabindex=\"0\" data-tab=\"3\" aria-controls=\"elementor-tab-content-2283\"><span class=\"eael-advanced-accordion-icon-closed\"><i aria-hidden=\"true\" class=\"fa-accordion-icon fas fa-plus\"><\/i><\/span><span class=\"eael-advanced-accordion-icon-opened\"><i aria-hidden=\"true\" class=\"fa-accordion-icon fas fa-minus\"><\/i><\/span><span class=\"eael-accordion-tab-title\">Vai \u012bpa\u0161uma p\u0101rdev\u0113jam ir k\u0101di izdevumi?<\/span><\/div><div id=\"elementor-tab-content-2283\" class=\"eael-accordion-content clearfix\" data-tab=\"3\" aria-labelledby=\"vai-pauma-prdevjam-ir-kdi-izdevumi\"><p>\u012apa\u0161uma p\u0101rdev\u0113jam tie\u0161ie izdevumi var\u0113tu b\u016bt \u0161\u0101di: 1) objekta sagatavo\u0161ana p\u0101rdo\u0161anai \u2013 uzkop\u0161ana un sak\u0101rto\u0161ana, varb\u016bt pat liel\u0101ks vai maz\u0101ks remonts; 2) m\u0101rketinga un p\u0101rdo\u0161anas izmaksas \u2013 kvalitat\u012bvu foto sagatavo\u0161ana, sludin\u0101jumi port\u0101los un citur; 3) ja v\u0113l nav izdar\u012bts, tad j\u0101samaks\u0101 nekustam\u0101 \u012bpa\u0161uma nodoklis par teko\u0161o gadu.<\/p><p>Netie\u0161ie izdevumi ir laiks un ener\u0123ija, kas tiek pat\u0113r\u0113ti komunik\u0101cij\u0101 ar potenci\u0101lajiem pirc\u0113jiem un vadot \u012bpa\u0161uma apskates.<\/p><p>P\u0101r\u0113jos ar dar\u012bjumu saist\u012btos izdevumus \u2013 nostiprin\u0101juma l\u016bguma sagatavo\u0161ana, l\u012bguma sagatavo\u0161ana, valsts nodeva, kancelejas maksas, dar\u012bjuma konts, ja tiek izmantots, tad ierast\u0101 prakse ir, ka \u0161\u012bs izmaksas uz\u0146emas pirc\u0113js, tom\u0113r var b\u016bt atsevi\u0161\u0137i gad\u012bjumi, kad p\u0101rdev\u0113js un pirc\u0113js vienojas dal\u012bt izmaksas.<\/p><\/div>\n\t\t\t\t\t<\/div><div class=\"eael-accordion-list\">\n\t\t\t\t\t<div id=\"k-sagatavoties-pauma-prdoanai\" class=\"elementor-tab-title eael-accordion-header\" tabindex=\"0\" data-tab=\"4\" aria-controls=\"elementor-tab-content-2284\"><span class=\"eael-advanced-accordion-icon-closed\"><i aria-hidden=\"true\" class=\"fa-accordion-icon fas fa-plus\"><\/i><\/span><span class=\"eael-advanced-accordion-icon-opened\"><i aria-hidden=\"true\" class=\"fa-accordion-icon fas fa-minus\"><\/i><\/span><span class=\"eael-accordion-tab-title\">K\u0101 sagatavoties \u012bpa\u0161uma p\u0101rdo\u0161anai?<\/span><\/div><div id=\"elementor-tab-content-2284\" class=\"eael-accordion-content clearfix\" data-tab=\"4\" aria-labelledby=\"k-sagatavoties-pauma-prdoanai\"><p>\u012apa\u0161umam j\u0101b\u016bt re\u0123istr\u0113tam Zemesgr\u0101mat\u0101. Telpu pl\u0101nam j\u0101atbilst inventariz\u0101cijas liet\u0101 eso\u0161ajam. J\u0101b\u016bt sak\u0101rtot\u0101m \u012bpa\u0161umties\u012bb\u0101m. Ja k\u0101ds no \u0161iem nav izpild\u012bts, tad to j\u0101izdara, jo cit\u0101di p\u0101rdo\u0161ana b\u016bs sare\u017e\u0123\u012bt\u0101ka un d\u0101rg\u0101ka, vai pat neiesp\u0113jama.<\/p><p>Kad dokumenti sak\u0101rtoti, j\u0101sak\u0101rto ar\u012b pats \u012bpa\u0161ums, lai tas b\u016btu vizu\u0101li p\u0113c iesp\u0113jas pievilc\u012bg\u0101ks. Tad jau seko viss p\u0101r\u0113jais \u2013 fotogr\u0101fijas, sludin\u0101jumi, apskates, l\u012bgums.<\/p><p>Visi elementi ir svar\u012bgi, lai par savu \u012bpa\u0161umu sa\u0146emtu to cenu, cik tas tie\u0161\u0101m ir v\u0113rts. Ir ieteicams konsult\u0113ties ar profesion\u0101li, kur\u0161\/-a nor\u0101d\u012bs uz liet\u0101m, kas v\u0113l j\u0101paveic, lai dar\u012bjums dotu cer\u0113to rezult\u0101tu.<\/p><\/div>\n\t\t\t\t\t<\/div><div class=\"eael-accordion-list\">\n\t\t\t\t\t<div id=\"vai-ir-vrts-izmantot-starpnieka-pakalpojumus\" class=\"elementor-tab-title eael-accordion-header\" tabindex=\"0\" data-tab=\"5\" aria-controls=\"elementor-tab-content-2285\"><span class=\"eael-advanced-accordion-icon-closed\"><i aria-hidden=\"true\" class=\"fa-accordion-icon fas fa-plus\"><\/i><\/span><span class=\"eael-advanced-accordion-icon-opened\"><i aria-hidden=\"true\" class=\"fa-accordion-icon fas fa-minus\"><\/i><\/span><span class=\"eael-accordion-tab-title\">Vai ir v\u0113rts izmantot starpnieka pakalpojumus?<\/span><\/div><div id=\"elementor-tab-content-2285\" class=\"eael-accordion-content clearfix\" data-tab=\"5\" aria-labelledby=\"vai-ir-vrts-izmantot-starpnieka-pakalpojumus\"><p>Ja par savu \u012bpa\u0161umu gribi sa\u0146emt p\u0113c iesp\u0113jas liel\u0101ku samaksu, tad ir v\u0113lams \u0146emt talk\u0101 pieredz\u0113ju\u0161u nekustamo \u012bpa\u0161umu dar\u012bjumu vad\u012bt\u0101ju, ikdien\u0101 sauktu par starpnieku vai par a\u0123entu.<\/p><p>Profesion\u0101lis p\u0101rzina tirgus situ\u0101ciju un sp\u0113j noteikt \u012bpa\u0161uma st\u0101voklim un vietai atbilsto\u0161u cenu, sagatavot p\u0101rdo\u0161anas l\u012bgumu, kas atbilst tav\u0101m interes\u0113m, zina k\u0101 lab\u0101k sagatavot \u012bpa\u0161umu, prat\u012bs piesaist\u012bt re\u0101lus potenci\u0101los pirc\u0113jus un prasm\u012bgi vad\u012bt \u012bpa\u0161uma apskates un p\u0101rrunas, k\u0101 ar\u012b noorganiz\u0113s visu, kas saist\u012bts ar not\u0101ra apmekl\u0113jumu un formalit\u0101\u0161u k\u0101rto\u0161anu, un ar\u012b pal\u012bdz\u0113s sak\u0101rtot lietas ar banku.<\/p><p>Re\u0101l\u0101 dz\u012bve apliecina, ka profesion\u0101\u013ca zin\u0101\u0161anas, pieredze un prasmes ietaupa saimniekam daudz laika un nervus, k\u0101 ar\u012b dod iev\u0113rojami lab\u0101ku rezult\u0101tu.<\/p><\/div>\n\t\t\t\t\t<\/div><div class=\"eael-accordion-list\">\n\t\t\t\t\t<div id=\"cik-maks-starpnieka-pakalpojumi\" class=\"elementor-tab-title eael-accordion-header\" tabindex=\"0\" data-tab=\"6\" aria-controls=\"elementor-tab-content-2286\"><span class=\"eael-advanced-accordion-icon-closed\"><i aria-hidden=\"true\" class=\"fa-accordion-icon fas fa-plus\"><\/i><\/span><span class=\"eael-advanced-accordion-icon-opened\"><i aria-hidden=\"true\" class=\"fa-accordion-icon fas fa-minus\"><\/i><\/span><span class=\"eael-accordion-tab-title\">Cik maks\u0101 starpnieka pakalpojumi?<\/span><\/div><div id=\"elementor-tab-content-2286\" class=\"eael-accordion-content clearfix\" data-tab=\"6\" aria-labelledby=\"cik-maks-starpnieka-pakalpojumi\"><p>Maksa par pieredz\u0113ju\u0161a nekustamo \u012bpa\u0161umu dar\u012bjumu vad\u012bt\u0101ja, saukta ar\u012b par starpnieku vai a\u0123entu, pakalpojumiem ir no 3% no p\u0101rdo\u0161anas cenas visiem \u012bpa\u0161umu veidiem. Iz\u012br\u0113\u0161anas vai iznom\u0101\u0161anas gad\u012bjum\u0101 maksa atbilst 1 m\u0113ne\u0161a \u012bres vai nomas maks\u0101jumam.<\/p><p>Konkr\u0113ta maksa katr\u0101 gad\u012bjum\u0101 tiek noteikta p\u0113c r\u016bp\u012bgas iepaz\u012b\u0161an\u0101s ar \u012bpa\u0161uma tehnisko un juridisko st\u0101vokli, k\u0101 ar\u012b ar p\u0101rdo\u0161anas vai iz\u012br\u0113\u0161anas nosac\u012bjumiem un uzdevumiem. \u0160\u0101di tiek nodro\u0161in\u0101ts, ka pakalpojums tiek individu\u0101li un korekti piel\u0101gots katra \u012bpa\u0161uma un dar\u012bjuma specifikai.<\/p><p>Samaksa par pakalpojumu veicama tikai p\u0113c dar\u012bjuma nosl\u0113g\u0161anas, kad nauda par p\u0101rdoto \u012bpa\u0161umu jau ien\u0101kusi tav\u0101 kont\u0101.<\/p><\/div>\n\t\t\t\t\t<\/div><div class=\"eael-accordion-list\">\n\t\t\t\t\t<div id=\"vai-es-varu-saemt-konsultciju\" class=\"elementor-tab-title eael-accordion-header\" tabindex=\"0\" data-tab=\"7\" aria-controls=\"elementor-tab-content-2287\"><span class=\"eael-advanced-accordion-icon-closed\"><i aria-hidden=\"true\" class=\"fa-accordion-icon fas fa-plus\"><\/i><\/span><span class=\"eael-advanced-accordion-icon-opened\"><i aria-hidden=\"true\" class=\"fa-accordion-icon fas fa-minus\"><\/i><\/span><span class=\"eael-accordion-tab-title\">Vai es varu sa\u0146emt konsult\u0101ciju?<\/span><\/div><div id=\"elementor-tab-content-2287\" class=\"eael-accordion-content clearfix\" data-tab=\"7\" aria-labelledby=\"vai-es-varu-saemt-konsultciju\"><p>T\u0101 ir laba doma &#8211; konsult\u0113ties ar profesion\u0101li pirms tik noz\u012bm\u012bga dar\u012bjuma k\u0101 \u012bpa\u0161uma p\u0101rdo\u0161ana veik\u0161anas. Speci\u0101lists izskaidros piln\u012bgi visus aspektus, kas j\u0101\u0146em v\u0113r\u0101 pirms dar\u012bjuma, t\u0101 laik\u0101, k\u0101 ar\u012b p\u0113c t\u0101 nosl\u0113g\u0161anas.<\/p><p>Pirm\u0101 konsult\u0101cija stundas garum\u0101 b\u016bs bez maksas. Vairum\u0101 gad\u012bjumu ar to pietiek, lai saprastu ko un k\u0101 dar\u012bt t\u0101l\u0101k. Ja b\u016bs nepiecie\u0161amas papildus konsult\u0101cijas, tad maksa par t\u0101m b\u016bs \u20ac80 par stundu. Ja tiek sl\u0113gts l\u012bgums par dar\u012bjuma vad\u012b\u0161anu, tad ar\u012b papildus konsult\u0101cijas b\u016bs bez maksas.<\/p><\/div>\n\t\t\t\t\t<\/div><\/div>\t\t\t\t<\/div>\n\t\t\t\t<\/div>\n\t\t\t\t\t<\/div>\n\t\t<\/div>\n\t\t\t\t\t<\/div>\n\t\t<\/section>\n\t\t\t\t<section class=\"elementor-section elementor-top-section elementor-element elementor-element-403b43f elementor-section-boxed elementor-section-height-default elementor-section-height-default\" data-id=\"403b43f\" data-element_type=\"section\" data-e-type=\"section\">\n\t\t\t\t\t\t<div class=\"elementor-container elementor-column-gap-default\">\n\t\t\t\t\t<div class=\"elementor-column elementor-col-100 elementor-top-column elementor-element elementor-element-3e6b62b\" data-id=\"3e6b62b\" data-element_type=\"column\" data-e-type=\"column\">\n\t\t\t<div class=\"elementor-widget-wrap elementor-element-populated\">\n\t\t\t\t\t\t<div class=\"elementor-element elementor-element-19c4a38 elementor-widget elementor-widget-text-editor\" data-id=\"19c4a38\" data-element_type=\"widget\" data-e-type=\"widget\" data-widget_type=\"text-editor.default\">\n\t\t\t\t<div class=\"elementor-widget-container\">\n\t\t\t\t\t\t\t\t\t<p>Ja \u0161eit neatrodi atbildi uz savu jaut\u0101jumu, tad <a href=\"https:\/\/sinta.lv\/index.php\/kontaktinfo\/\">sazinies ar mums<\/a> individu\u0101li.<\/p>\t\t\t\t\t\t\t\t<\/div>\n\t\t\t\t<\/div>\n\t\t\t\t\t<\/div>\n\t\t<\/div>\n\t\t\t\t\t<\/div>\n\t\t<\/section>\n\t\t\t\t<\/div>\n\t\t","protected":false},"excerpt":{"rendered":"<p>Bie\u017e\u0101k uzdotie jaut\u0101jumi Kad ir lab\u0101kais laiks p\u0101rdot \u012bpa\u0161umu? Nekustamo \u012bpa\u0161umu dar\u012bjumi notiek visu cauru gadu bez \u013coti izteiktiem sezon\u0101liem k\u0101pumiem un kritumiem. Tom\u0113r, pavasara un vasaras period\u0101 cilv\u0113ki ir optimistisk\u0101k noska\u0146oti un atv\u0113rt\u0101ki, t\u0101p\u0113c, p\u0101rdodot dz\u012bvokli, apb\u016bves zemi vai priv\u0101tm\u0101ju laik\u0101 no maija l\u012bdz j\u016blijam ir cer\u012bbas sagaid\u012bt \u012bs\u0101ku p\u0101rdo\u0161anas laiku un augst\u0101ku p\u0101rdo\u0161anas [&hellip;]<\/p>\n","protected":false},"author":2,"featured_media":0,"parent":0,"menu_order":7,"comment_status":"closed","ping_status":"closed","template":"","meta":{"site-sidebar-layout":"no-sidebar","site-content-layout":"page-builder","ast-site-content-layout":"default","site-content-style":"default","site-sidebar-style":"default","ast-global-header-display":"","ast-banner-title-visibility":"","ast-main-header-display":"","ast-hfb-above-header-display":"","ast-hfb-below-header-display":"","ast-hfb-mobile-header-display":"","site-post-title":"disabled","ast-breadcrumbs-content":"","ast-featured-img":"disabled","footer-sml-layout":"","ast-disable-related-posts":"","theme-transparent-header-meta":"","adv-header-id-meta":"","stick-header-meta":"","header-above-stick-meta":"","header-main-stick-meta":"","header-below-stick-meta":"","astra-migrate-meta-layouts":"default","ast-page-background-enabled":"default","ast-page-background-meta":{"desktop":{"background-color":"var(--ast-global-color-4)","background-image":"","background-repeat":"repeat","background-position":"center center","background-size":"auto","background-attachment":"scroll","background-type":"","background-media":"","overlay-type":"","overlay-color":"","overlay-opacity":"","overlay-gradient":""},"tablet":{"background-color":"","background-image":"","background-repeat":"repeat","background-position":"center center","background-size":"auto","background-attachment":"scroll","background-type":"","background-media":"","overlay-type":"","overlay-color":"","overlay-opacity":"","overlay-gradient":""},"mobile":{"background-color":"","background-image":"","background-repeat":"repeat","background-position":"center center","background-size":"auto","background-attachment":"scroll","background-type":"","background-media":"","overlay-type":"","overlay-color":"","overlay-opacity":"","overlay-gradient":""}},"ast-content-background-meta":{"desktop":{"background-color":"var(--ast-global-color-5)","background-image":"","background-repeat":"repeat","background-position":"center center","background-size":"auto","background-attachment":"scroll","background-type":"","background-media":"","overlay-type":"","overlay-color":"","overlay-opacity":"","overlay-gradient":""},"tablet":{"background-color":"var(--ast-global-color-5)","background-image":"","background-repeat":"repeat","background-position":"center center","background-size":"auto","background-attachment":"scroll","background-type":"","background-media":"","overlay-type":"","overlay-color":"","overlay-opacity":"","overlay-gradient":""},"mobile":{"background-color":"var(--ast-global-color-5)","background-image":"","background-repeat":"repeat","background-position":"center center","background-size":"auto","background-attachment":"scroll","background-type":"","background-media":"","overlay-type":"","overlay-color":"","overlay-opacity":"","overlay-gradient":""}},"footnotes":""},"class_list":["post-73","page","type-page","status-publish","hentry"],"_links":{"self":[{"href":"https:\/\/sinta.lv\/index.php\/wp-json\/wp\/v2\/pages\/73","targetHints":{"allow":["GET"]}}],"collection":[{"href":"https:\/\/sinta.lv\/index.php\/wp-json\/wp\/v2\/pages"}],"about":[{"href":"https:\/\/sinta.lv\/index.php\/wp-json\/wp\/v2\/types\/page"}],"author":[{"embeddable":true,"href":"https:\/\/sinta.lv\/index.php\/wp-json\/wp\/v2\/users\/2"}],"replies":[{"embeddable":true,"href":"https:\/\/sinta.lv\/index.php\/wp-json\/wp\/v2\/comments?post=73"}],"version-history":[{"count":0,"href":"https:\/\/sinta.lv\/index.php\/wp-json\/wp\/v2\/pages\/73\/revisions"}],"wp:attachment":[{"href":"https:\/\/sinta.lv\/index.php\/wp-json\/wp\/v2\/media?parent=73"}],"curies":[{"name":"wp","href":"https:\/\/api.w.org\/{rel}","templated":true}]}}