{"id":77,"date":"2023-03-13T14:16:46","date_gmt":"2023-03-13T12:16:46","guid":{"rendered":"https:\/\/sinta.lv\/?page_id=77"},"modified":"2024-04-19T19:18:10","modified_gmt":"2024-04-19T17:18:10","slug":"privatuma-politika","status":"publish","type":"page","link":"https:\/\/sinta.lv\/index.php\/privatuma-politika\/","title":{"rendered":"Priv\u0101tuma politika"},"content":{"rendered":"\t\t<div data-elementor-type=\"wp-page\" data-elementor-id=\"77\" class=\"elementor elementor-77\">\n\t\t\t\t\t\t<section class=\"elementor-section elementor-top-section elementor-element elementor-element-9caf7cc elementor-section-boxed elementor-section-height-default elementor-section-height-default\" data-id=\"9caf7cc\" data-element_type=\"section\" data-e-type=\"section\">\n\t\t\t\t\t\t<div class=\"elementor-container elementor-column-gap-default\">\n\t\t\t\t\t<div class=\"elementor-column elementor-col-100 elementor-top-column elementor-element elementor-element-143927e\" data-id=\"143927e\" data-element_type=\"column\" data-e-type=\"column\">\n\t\t\t<div class=\"elementor-widget-wrap elementor-element-populated\">\n\t\t\t\t\t\t<div class=\"elementor-element elementor-element-e6a42fd elementor-widget elementor-widget-heading\" data-id=\"e6a42fd\" data-element_type=\"widget\" data-e-type=\"widget\" data-widget_type=\"heading.default\">\n\t\t\t\t<div class=\"elementor-widget-container\">\n\t\t\t\t\t<h2 class=\"elementor-heading-title elementor-size-default\">Priv\u0101tuma politika<\/h2>\t\t\t\t<\/div>\n\t\t\t\t<\/div>\n\t\t\t\t<div class=\"elementor-element elementor-element-ae16325 elementor-widget elementor-widget-text-editor\" data-id=\"ae16325\" data-element_type=\"widget\" data-e-type=\"widget\" data-widget_type=\"text-editor.default\">\n\t\t\t\t<div class=\"elementor-widget-container\">\n\t\t\t\t\t\t\t\t\t<p>\u0160\u012bs Priv\u0101tuma politikas m\u0113r\u0137is ir sniegt fiziskaj\u0101m person\u0101m, kas ir pakalpojuma sa\u0146\u0113m\u0113ji vai potenci\u0101lie pakalpojuma sa\u0146\u0113m\u0113ji, inform\u0101ciju par personas datu apstr\u0101di, t\u0101s m\u0113r\u0137iem, termi\u0146iem un personas ties\u012bb\u0101m attiec\u012bb\u0101 uz t\u0101s datu apstr\u0101di un glab\u0101\u0161anu.<\/p>\t\t\t\t\t\t\t\t<\/div>\n\t\t\t\t<\/div>\n\t\t\t\t<div class=\"elementor-element elementor-element-04efd17 elementor-widget elementor-widget-heading\" data-id=\"04efd17\" data-element_type=\"widget\" data-e-type=\"widget\" data-widget_type=\"heading.default\">\n\t\t\t\t<div class=\"elementor-widget-container\">\n\t\t\t\t\t<h2 class=\"elementor-heading-title elementor-size-default\">1. Datu p\u0101rzinis un kontaktinform\u0101cija<\/h2>\t\t\t\t<\/div>\n\t\t\t\t<\/div>\n\t\t\t\t<div class=\"elementor-element elementor-element-e274104 elementor-widget elementor-widget-text-editor\" data-id=\"e274104\" data-element_type=\"widget\" data-e-type=\"widget\" data-widget_type=\"text-editor.default\">\n\t\t\t\t<div class=\"elementor-widget-container\">\n\t\t\t\t\t\t\t\t\t<p>Personas datu p\u0101rzinis ir \u201cSinta\u201d SIA, re\u0123istr\u0101cijas numurs 40203359421, ar juridisko adresi Ieri\u0137u iela 60-116, R\u012bga, LV1084, turpm\u0101k tekst\u0101 \u201cuz\u0146\u0113mums\u201d. Visos gad\u012bjumos un jaut\u0101jumos, kas saist\u012bti ar personas datiem un to apstr\u0101di, ir j\u0101sazin\u0101s ar datu p\u0101rzini, s\u016btot zi\u0146u uz e-pasta adresi <a href=\"mailto:info@sinta.lv\" target=\"_blank\">info@sinta.lv<\/a><\/p>\t\t\t\t\t\t\t\t<\/div>\n\t\t\t\t<\/div>\n\t\t\t\t<div class=\"elementor-element elementor-element-b6cad3b elementor-widget elementor-widget-heading\" data-id=\"b6cad3b\" data-element_type=\"widget\" data-e-type=\"widget\" data-widget_type=\"heading.default\">\n\t\t\t\t<div class=\"elementor-widget-container\">\n\t\t\t\t\t<h2 class=\"elementor-heading-title elementor-size-default\">2. Personas datu apstr\u0101des m\u0113r\u0137i<\/h2>\t\t\t\t<\/div>\n\t\t\t\t<\/div>\n\t\t\t\t<div class=\"elementor-element elementor-element-35904a3 elementor-widget elementor-widget-text-editor\" data-id=\"35904a3\" data-element_type=\"widget\" data-e-type=\"widget\" data-widget_type=\"text-editor.default\">\n\t\t\t\t<div class=\"elementor-widget-container\">\n\t\t\t\t\t\t\t\t\tUz\u0146\u0113mums iev\u0101c un izmanto personas datus sekojo\u0161iem m\u0113r\u0137iem:<ul>\n <li>identifik\u0101cijai;<\/li>\n<li> sazi\u0146ai;<\/li>\n<li> l\u012bgumu sagatavo\u0161anai un nosl\u0113g\u0161anai;<\/li>\n<li> piepras\u012bto pakalpojumu snieg\u0161anai;<\/li>\n<li> pakalpojumu pied\u0101v\u0101\u0161anai;<\/li>\n<li> s\u016bdz\u012bbu, iesniegumu un pieteikumu apstr\u0101dei un atbil\u017eu snieg\u0161anai;<\/li>\n<li> nor\u0113\u0137inu par sniegtajiem pakalpojumiem apstr\u0101dei un vad\u012bbai;<\/li>\n<li> inform\u0101cijas snieg\u0161anai valsts iest\u0101d\u0113m un instit\u016bcij\u0101m saska\u0146\u0101 ar valst\u012b sp\u0113k\u0101 eso\u0161ajiem\nnormat\u012bvajiem aktiem;<\/li>\n<li> statistikai un p\u0113t\u012bjumiem ar m\u0113r\u0137i paaugstin\u0101t klientu apkalpo\u0161anas l\u012bmeni un uzlabot\npied\u0101v\u0101tos pakalpojumus;<\/li>\n<li> uz\u0146\u0113muma le\u0123it\u012bmo intere\u0161u nodro\u0161in\u0101\u0161anai;<\/li>\n<li> interneta vietnes darb\u012bbas nodro\u0161in\u0101\u0161anai un uzlabo\u0161anai.<\/li><\/ul>\nUz\u0146\u0113mums iev\u0101c tikai un vien\u012bgi t\u0101dus personas datus, kas ir tie\u0161i nepiecie\u0161ami konkr\u0113t\u0101\npiepras\u012bjuma vai pakalpojuma izpildei.\t\t\t\t\t\t\t\t<\/div>\n\t\t\t\t<\/div>\n\t\t\t\t<div class=\"elementor-element elementor-element-50f9032 elementor-widget elementor-widget-heading\" data-id=\"50f9032\" data-element_type=\"widget\" data-e-type=\"widget\" data-widget_type=\"heading.default\">\n\t\t\t\t<div class=\"elementor-widget-container\">\n\t\t\t\t\t<h2 class=\"elementor-heading-title elementor-size-default\">3. Personas datu apstr\u0101des tiesiskais pamats<\/h2>\t\t\t\t<\/div>\n\t\t\t\t<\/div>\n\t\t\t\t<div class=\"elementor-element elementor-element-8136b0a elementor-widget elementor-widget-text-editor\" data-id=\"8136b0a\" data-element_type=\"widget\" data-e-type=\"widget\" data-widget_type=\"text-editor.default\">\n\t\t\t\t<div class=\"elementor-widget-container\">\n\t\t\t\t\t\t\t\t\tUz\u0146\u0113mums veic personas datu uzglab\u0101\u0161anu un apstr\u0101di pamatojoties uz Visp\u0101r\u012bg\u0101s Datu\nAizsardz\u012bbas Regulas noteikto visp\u0101r\u012bgo tiesisko b\u0101zi un konkr\u0113ta tiesisk\u0101 pamata:<ul>\n<li> l\u012bguma nosl\u0113g\u0161anai ar personu un l\u012bgum\u0101 noteikto pien\u0101kumu izpildei;<\/li>\n<li> personas sniegt\u0101 piekri\u0161ana;<\/li>\n<li> uz\u0146\u0113mumam saisto\u0161o likumu un normat\u012bvo aktu izpilde;<\/li>\n<li> likum\u012bgo intere\u0161u iev\u0113ro\u0161ana un izpilde attiec\u012bb\u0101 uz personu, uz\u0146\u0113mumu vai tre\u0161o pusi, ko\nnosaka ar personu nosl\u0113gtais l\u012bgums vai sp\u0113k\u0101 eso\u0161\u0101 likumdo\u0161ana un normat\u012bvie akti.<\/li><\/ul>\nPersonai j\u0101\u0146em v\u0113r\u0101, ka datu nesnieg\u0161anas vai apstr\u0101des neat\u013cau\u0161anas gad\u012bjum\u0101, uz\u0146\u0113mumam nav\niesp\u0113jams pien\u0101c\u012bgi identific\u0113t personu un tas ierobe\u017eo vai pat piln\u012bb\u0101 izsl\u0113dz iesp\u0113ju sniegt\npakalpojumu.\t\t\t\t\t\t\t\t<\/div>\n\t\t\t\t<\/div>\n\t\t\t\t<div class=\"elementor-element elementor-element-a160134 elementor-widget elementor-widget-heading\" data-id=\"a160134\" data-element_type=\"widget\" data-e-type=\"widget\" data-widget_type=\"heading.default\">\n\t\t\t\t<div class=\"elementor-widget-container\">\n\t\t\t\t\t<h2 class=\"elementor-heading-title elementor-size-default\">4. Tre\u0161\u0101s puses, kam var tikt nodoti personas dati<\/h2>\t\t\t\t<\/div>\n\t\t\t\t<\/div>\n\t\t\t\t<div class=\"elementor-element elementor-element-97855a2 elementor-widget elementor-widget-text-editor\" data-id=\"97855a2\" data-element_type=\"widget\" data-e-type=\"widget\" data-widget_type=\"text-editor.default\">\n\t\t\t\t<div class=\"elementor-widget-container\">\n\t\t\t\t\t\t\t\t\t\n<p>Uz\u0146\u0113mums neizpau\u017e tre\u0161aj\u0101m pus\u0113m t\u0101 r\u012bc\u012bb\u0101 eso\u0161os personas datus vai inform\u0101ciju par personas\nveiktajiem piepras\u012bjum vai personai sniegtajiem pakalojumiem un to deta\u013c\u0101m, k\u0101 ar\u012b citu\ninform\u0101ciju par personu, kas tam k\u013cuvusi zin\u0101ma sadarb\u012bbas proces\u0101.<\/p>\n\n<p>Iz\u0146\u0113mums ir dati, kas var tikt nodoti uz\u0146\u0113muma partneriem personas piepras\u012bjuma izpildei vai\npakalpojuma nodro\u0161in\u0101\u0161anai, taj\u0101 skait\u0101, bet ne tikai: nekustam\u0101 \u012bpa\u0161uma starpniekiem,\ngr\u0101matved\u012bbas pakalpojumu sniedz\u0113jiem, v\u0113rt\u0113t\u0101jiem, juristiem, IT pakalpojumu sniedz\u0113jiem,\nnot\u0101riem, m\u0101rketinga pakalpojumu sniedz\u0113jiem, kred\u012btiest\u0101d\u0113m.<\/p>\n\n<p>Saska\u0146\u0101 ar valst\u012b noteikto likumdo\u0161anu un normat\u012bvajiem aktiem, personas dati var tikt nodoti\nValsts Ie\u0146\u0113mumu Dienestam, Datu Valsts Inspekcijai, ties\u012bbsarg\u0101jo\u0161\u0101m iest\u0101d\u0113m un cit\u0101m\npilnvarot\u0101m iest\u0101d\u0113m.<\/p>\n\n<p>Atsevi\u0161\u0137os gad\u012bjumos, personas dati var tikt nodoti m\u016bsu partneriem \u0101rpus ES un EEZ, kas no\nVisp\u0101r\u012bg\u0101s Datu Aizsardz\u012bbas Regulas (VDAR) viedok\u013ca ir datu nos\u016bt\u012b\u0161ana tre\u0161aj\u0101m valst\u012bm. \u0160\u0101dos\ngad\u012bjumos, uz\u0146\u0113mums iev\u0113ros un nodro\u0161in\u0101s visus VDAR noteiktos dro\u0161\u012bbas pas\u0101kumus attiec\u012bb\u0101\nuz nododamo datu apstr\u0101di un aizsardz\u012bbu.<\/p>\t\t\t\t\t\t\t\t<\/div>\n\t\t\t\t<\/div>\n\t\t\t\t<div class=\"elementor-element elementor-element-8394b50 elementor-widget elementor-widget-heading\" data-id=\"8394b50\" data-element_type=\"widget\" data-e-type=\"widget\" data-widget_type=\"heading.default\">\n\t\t\t\t<div class=\"elementor-widget-container\">\n\t\t\t\t\t<h2 class=\"elementor-heading-title elementor-size-default\">5. Datu glab\u0101\u0161anas ilgums<\/h2>\t\t\t\t<\/div>\n\t\t\t\t<\/div>\n\t\t\t\t<div class=\"elementor-element elementor-element-5c62341 elementor-widget elementor-widget-text-editor\" data-id=\"5c62341\" data-element_type=\"widget\" data-e-type=\"widget\" data-widget_type=\"text-editor.default\">\n\t\t\t\t<div class=\"elementor-widget-container\">\n\t\t\t\t\t\t\t\t\t<p>Uz\u0146\u0113mums glab\u0101 personas datus tik ilgi, cik ir sp\u0113k\u0101 ar personu nosl\u0113gtais l\u012bgums vai ar\u012b l\u012bdz datu\napstr\u0101des piekri\u0161anas atsauk\u0161anai.<\/p>\n<p>Neatkar\u012bgi no iepriek\u0161 min\u0113t\u0101, personas dati tiks glab\u0101ti, kam\u0113r l\u012bgumsl\u0113dz\u0113j\u0101m pus\u0113m saglab\u0101jas\niesp\u0113ja sniegt pras\u012bbu ties\u0101 ar pretenzij\u0101m par nosl\u0113gta l\u012bguma saist\u012bbu izpildi, k\u0101 ar\u012b saska\u0146\u0101 ar\nlikuma un normat\u012bvo aktu uz\u0146\u0113mumam noteikto pien\u0101kumu glab\u0101t personas datus noteiktu termi\u0146u.<\/P>\t\t\t\t\t\t\t\t<\/div>\n\t\t\t\t<\/div>\n\t\t\t\t<div class=\"elementor-element elementor-element-a38d85c elementor-widget elementor-widget-heading\" data-id=\"a38d85c\" data-element_type=\"widget\" data-e-type=\"widget\" data-widget_type=\"heading.default\">\n\t\t\t\t<div class=\"elementor-widget-container\">\n\t\t\t\t\t<h2 class=\"elementor-heading-title elementor-size-default\">6. S\u012bkdatnes un to apstr\u0101de<\/h2>\t\t\t\t<\/div>\n\t\t\t\t<\/div>\n\t\t\t\t<div class=\"elementor-element elementor-element-4b75286 elementor-widget elementor-widget-text-editor\" data-id=\"4b75286\" data-element_type=\"widget\" data-e-type=\"widget\" data-widget_type=\"text-editor.default\">\n\t\t\t\t<div class=\"elementor-widget-container\">\n\t\t\t\t\t\t\t\t\t<p>S\u012bkdatnes (angliski: web cookies, internet cookies, browser cookies, cookies) ir nelielas datu\nkopnes, kuras izveido interneta serveris, kad lietot\u0101js apmekl\u0113 taj\u0101 izvietoto vietni, un kuras lietot\u0101ja\ninterneta p\u0101rl\u016bks izvieto vietnes apmekl\u0113jumam izmantotaj\u0101 lietot\u0101ja ier\u012bc\u0113. S\u012bkdatnes, atkar\u012bb\u0101 no\nto darb\u012bbas m\u0113r\u0137a, iedal\u0101s grup\u0101s \u2013 funkcion\u0101l\u0101s, anal\u012btisk\u0101s un m\u0101rketinga s\u012bkdatnes.<\/p>\n<p>Funkcion\u0101l\u0101s s\u012bkdatnes ir svar\u012bgas vietnes sekm\u012bga darba nodro\u0161in\u0101\u0161anai. T\u0101s pal\u012bdz nodibin\u0101t un\nuztur\u0113t saikni starp serveri un lietot\u0101ja p\u0101rl\u016bkprogrammu, nodro\u0161inot pareizu, dro\u0161u un adekv\u0101tu\nvietnes darb\u012bbu lietot\u0101ja p\u0101rl\u016bkprogramm\u0101.<\/p>\n<p>Anal\u012btisk\u0101s, jeb statistikas, s\u012bkdatnes iev\u0101c datus par vietnes darb\u012bbu un lietot\u0101ju veiktaj\u0101m\ndarb\u012bb\u0101m taj\u0101. Parasti, \u0161\u012bs s\u012bkdatnes ir anon\u012bmas un t\u0101s nedod iesp\u0113ju identific\u0113t lietot\u0101ju.<\/p>\n<p>M\u0101rketinga s\u012bkdatnes dod iesp\u0113ju izveidot lietot\u0101ja profilu ar m\u0113r\u0137i atpaz\u012bt lietot\u0101ja darb\u012bbas vietn\u0113,\nk\u0101 ar\u012b, lai sazin\u0101tos ar lietot\u0101ju ar m\u0113r\u0137i nos\u016bt\u012bt \u012bpa\u0161us pied\u0101v\u0101jumus.<\/p>\n<p>Uz\u0146\u0113muma vietn\u0113 var b\u016bt izvietotas saites uz tre\u0161o pu\u0161u vietn\u0113m, kur\u0101m, attiec\u012bgi, ir savas s\u012bkdat\u0146u\nun priv\u0101tuma politikas. Uz\u0146\u0113mums neietekm\u0113 to, k\u0101 tre\u0161\u0101s puses apstr\u0101d\u0101 lietot\u0101ja datus, un nenes\npar to nek\u0101du atbild\u012bbu.<\/p>\t\t\t\t\t\t\t\t<\/div>\n\t\t\t\t<\/div>\n\t\t\t\t<div class=\"elementor-element elementor-element-2719871 elementor-widget elementor-widget-heading\" data-id=\"2719871\" data-element_type=\"widget\" data-e-type=\"widget\" data-widget_type=\"heading.default\">\n\t\t\t\t<div class=\"elementor-widget-container\">\n\t\t\t\t\t<h2 class=\"elementor-heading-title elementor-size-default\">7. Personas ties\u012bbas attiec\u012bb\u0101 uz saviem datiem\n<\/h2>\t\t\t\t<\/div>\n\t\t\t\t<\/div>\n\t\t\t\t<div class=\"elementor-element elementor-element-3e1c058 elementor-widget elementor-widget-text-editor\" data-id=\"3e1c058\" data-element_type=\"widget\" data-e-type=\"widget\" data-widget_type=\"text-editor.default\">\n\t\t\t\t<div class=\"elementor-widget-container\">\n\t\t\t\t\t\t\t\t\tKatrai personai ir ties\u012bbas piepras\u012bt un sa\u0146emt no uz\u0146\u0113muma inform\u0101ciju par t\u0101s datiem un ar tiem\nveiktaj\u0101m darb\u012bb\u0101m, k\u0101 ar\u012b piepras\u012bt datu labojumus un atcelt at\u013caujas. Personai ir ties\u012bbas:\n<ul>\n \t<li>piepras\u012bt izsniegt visus datus, kas uz\u0146\u0113mum\u0101 par to uzkr\u0101ta;<\/li>\n \t<li>veikt savu datu papildin\u0101\u0161anu vai labo\u0161anu;<\/li>\n \t<li>piepras\u012bt savu datu dz\u0113\u0161anu vai apstr\u0101des ierobe\u017eo\u0161anu cikt\u0101l to pie\u013cauj valst\u012b sp\u0113k\u0101 eso\u0161\u0101\nlikumdo\u0161ana un normat\u012bvie akti, k\u0101 ar\u012b apzinoties, ka \u0161\u0101ds piepras\u012bjums nevar attiekties uz\ndatu apstr\u0101di, kas veikta l\u012bdz piepras\u012bjuma iesnieg\u0161anai.<\/li>\n<\/ul>\nPiepras\u012bjumus par saviem datiem persona var iesniegt elektronisk\u0101 form\u0101t\u0101, parakstot ar dro\u0161u\nelektronisko parakstu un nos\u016btot uz uz\u0146\u0113muma e-pasta adresi <a href=\"mailto:info@sinta.lv\" target=\"_blank\">info@sinta.lv<\/a>\nJa persona uzskata, ka uz\u0146\u0113mums t\u0101s datus ir uzglab\u0101jis vai apstr\u0101d\u0101jis neatbilsto\u0161i sp\u0113k\u0101 eso\u0161ajiem\nnormat\u012bvajiem aktiem, tai ir ties\u012bbas iesniegt s\u016bdz\u012bbu datu aizsardz\u012bbu uzraugo\u0161aj\u0101 iest\u0101d\u0113 \u2013 Datu\nValsts Inspekcij\u0101 (<a href=\"http:\/\/www.dvi.gov.lv\" target=\"_blank\">www.dvi.gov.lv<\/a>).\t\t\t\t\t\t\t\t<\/div>\n\t\t\t\t<\/div>\n\t\t\t\t<div class=\"elementor-element elementor-element-000ebc2 elementor-widget elementor-widget-heading\" data-id=\"000ebc2\" data-element_type=\"widget\" data-e-type=\"widget\" data-widget_type=\"heading.default\">\n\t\t\t\t<div class=\"elementor-widget-container\">\n\t\t\t\t\t<h2 class=\"elementor-heading-title elementor-size-default\">8. Personas datu aizsardz\u012bba<\/h2>\t\t\t\t<\/div>\n\t\t\t\t<\/div>\n\t\t\t\t<div class=\"elementor-element elementor-element-6947430 elementor-widget elementor-widget-text-editor\" data-id=\"6947430\" data-element_type=\"widget\" data-e-type=\"widget\" data-widget_type=\"text-editor.default\">\n\t\t\t\t<div class=\"elementor-widget-container\">\n\t\t\t\t\t\t\t\t\t<p>Uz\u0146\u0113mums aizsarg\u0101 t\u0101 r\u012bc\u012bb\u0101 eso\u0161os personas datus ar aktu\u0101lajiem pieejamajiem IT risin\u0101jumiem, k\u0101 ar\u012b organizatoriskajiem pas\u0101kumiem, taj\u0101 skait\u0101, bet ne tikai: datu \u0161ifr\u0113\u0161ana p\u0101rraides laik\u0101, pretv\u012brusu programmat\u016bras un ugunsm\u016bra izmanto\u0161ana, datu dro\u0161\u012bbas p\u0101rbaudes, uz\u0146\u0113muma dro\u0161\u012bbas proced\u016bras ievie\u0161ana.<\/p>\t\t\t\t\t\t\t\t<\/div>\n\t\t\t\t<\/div>\n\t\t\t\t<div class=\"elementor-element elementor-element-7e9d94b elementor-widget elementor-widget-heading\" data-id=\"7e9d94b\" data-element_type=\"widget\" data-e-type=\"widget\" data-widget_type=\"heading.default\">\n\t\t\t\t<div class=\"elementor-widget-container\">\n\t\t\t\t\t<h2 class=\"elementor-heading-title elementor-size-default\">9. Priv\u0101tuma politikas aktualit\u0101te\n<\/h2>\t\t\t\t<\/div>\n\t\t\t\t<\/div>\n\t\t\t\t<div class=\"elementor-element elementor-element-fe3f17d elementor-widget elementor-widget-text-editor\" data-id=\"fe3f17d\" data-element_type=\"widget\" data-e-type=\"widget\" data-widget_type=\"text-editor.default\">\n\t\t\t\t<div class=\"elementor-widget-container\">\n\t\t\t\t\t\t\t\t\t\u0160\u012b Priv\u0101tuma politika st\u0101jas sp\u0113k\u0101 2023. gada 1. febru\u0101r\u012b. Uz\u0146\u0113mumam ir ties\u012bbas jebkur\u0101 laik\u0101\nveikt izmai\u0146as un papildin\u0101jumus \u0161aj\u0101 politik\u0101. Aktu\u0101l\u0101 versija vienm\u0113r b\u016bs pieejama uz\u0146\u0113muma\ninterneta vietn\u0113 <a href=\"http:\/\/sinta.lv\" target=\"_blank\">sinta.lv<\/a>\t\t\t\t\t\t\t\t<\/div>\n\t\t\t\t<\/div>\n\t\t\t\t\t<\/div>\n\t\t<\/div>\n\t\t\t\t\t<\/div>\n\t\t<\/section>\n\t\t\t\t<\/div>\n\t\t","protected":false},"excerpt":{"rendered":"<p>Priv\u0101tuma politika \u0160\u012bs Priv\u0101tuma politikas m\u0113r\u0137is ir sniegt fiziskaj\u0101m person\u0101m, kas ir pakalpojuma sa\u0146\u0113m\u0113ji vai potenci\u0101lie pakalpojuma sa\u0146\u0113m\u0113ji, inform\u0101ciju par personas datu apstr\u0101di, t\u0101s m\u0113r\u0137iem, termi\u0146iem un personas ties\u012bb\u0101m attiec\u012bb\u0101 uz t\u0101s datu apstr\u0101di un glab\u0101\u0161anu. 1. Datu p\u0101rzinis un kontaktinform\u0101cija Personas datu p\u0101rzinis ir \u201cSinta\u201d SIA, re\u0123istr\u0101cijas numurs 40203359421, ar juridisko adresi Ieri\u0137u iela [&hellip;]<\/p>\n","protected":false},"author":2,"featured_media":0,"parent":0,"menu_order":14,"comment_status":"closed","ping_status":"closed","template":"","meta":{"site-sidebar-layout":"no-sidebar","site-content-layout":"page-builder","ast-site-content-layout":"default","site-content-style":"default","site-sidebar-style":"default","ast-global-header-display":"","ast-banner-title-visibility":"","ast-main-header-display":"","ast-hfb-above-header-display":"","ast-hfb-below-header-display":"","ast-hfb-mobile-header-display":"","site-post-title":"disabled","ast-breadcrumbs-content":"","ast-featured-img":"disabled","footer-sml-layout":"","ast-disable-related-posts":"","theme-transparent-header-meta":"","adv-header-id-meta":"","stick-header-meta":"","header-above-stick-meta":"","header-main-stick-meta":"","header-below-stick-meta":"","astra-migrate-meta-layouts":"default","ast-page-background-enabled":"default","ast-page-background-meta":{"desktop":{"background-color":"var(--ast-global-color-4)","background-image":"","background-repeat":"repeat","background-position":"center center","background-size":"auto","background-attachment":"scroll","background-type":"","background-media":"","overlay-type":"","overlay-color":"","overlay-opacity":"","overlay-gradient":""},"tablet":{"background-color":"","background-image":"","background-repeat":"repeat","background-position":"center center","background-size":"auto","background-attachment":"scroll","background-type":"","background-media":"","overlay-type":"","overlay-color":"","overlay-opacity":"","overlay-gradient":""},"mobile":{"background-color":"","background-image":"","background-repeat":"repeat","background-position":"center center","background-size":"auto","background-attachment":"scroll","background-type":"","background-media":"","overlay-type":"","overlay-color":"","overlay-opacity":"","overlay-gradient":""}},"ast-content-background-meta":{"desktop":{"background-color":"var(--ast-global-color-5)","background-image":"","background-repeat":"repeat","background-position":"center center","background-size":"auto","background-attachment":"scroll","background-type":"","background-media":"","overlay-type":"","overlay-color":"","overlay-opacity":"","overlay-gradient":""},"tablet":{"background-color":"var(--ast-global-color-5)","background-image":"","background-repeat":"repeat","background-position":"center center","background-size":"auto","background-attachment":"scroll","background-type":"","background-media":"","overlay-type":"","overlay-color":"","overlay-opacity":"","overlay-gradient":""},"mobile":{"background-color":"var(--ast-global-color-5)","background-image":"","background-repeat":"repeat","background-position":"center center","background-size":"auto","background-attachment":"scroll","background-type":"","background-media":"","overlay-type":"","overlay-color":"","overlay-opacity":"","overlay-gradient":""}},"footnotes":""},"class_list":["post-77","page","type-page","status-publish","hentry"],"_links":{"self":[{"href":"https:\/\/sinta.lv\/index.php\/wp-json\/wp\/v2\/pages\/77","targetHints":{"allow":["GET"]}}],"collection":[{"href":"https:\/\/sinta.lv\/index.php\/wp-json\/wp\/v2\/pages"}],"about":[{"href":"https:\/\/sinta.lv\/index.php\/wp-json\/wp\/v2\/types\/page"}],"author":[{"embeddable":true,"href":"https:\/\/sinta.lv\/index.php\/wp-json\/wp\/v2\/users\/2"}],"replies":[{"embeddable":true,"href":"https:\/\/sinta.lv\/index.php\/wp-json\/wp\/v2\/comments?post=77"}],"version-history":[{"count":0,"href":"https:\/\/sinta.lv\/index.php\/wp-json\/wp\/v2\/pages\/77\/revisions"}],"wp:attachment":[{"href":"https:\/\/sinta.lv\/index.php\/wp-json\/wp\/v2\/media?parent=77"}],"curies":[{"name":"wp","href":"https:\/\/api.w.org\/{rel}","templated":true}]}}