{"id":773,"date":"2023-03-21T18:08:25","date_gmt":"2023-03-21T16:08:25","guid":{"rendered":"https:\/\/sinta.lv\/?page_id=773"},"modified":"2024-12-02T19:04:22","modified_gmt":"2024-12-02T17:04:22","slug":"ka-strada-sinta","status":"publish","type":"page","link":"https:\/\/sinta.lv\/index.php\/ka-strada-sinta\/","title":{"rendered":"K\u0101 str\u0101d\u0101 Sinta?"},"content":{"rendered":"\t\t<div data-elementor-type=\"wp-page\" data-elementor-id=\"773\" class=\"elementor elementor-773\">\n\t\t\t\t\t\t<section class=\"elementor-section elementor-top-section elementor-element elementor-element-e34e0d7 elementor-section-boxed elementor-section-height-default elementor-section-height-default\" data-id=\"e34e0d7\" data-element_type=\"section\" data-e-type=\"section\">\n\t\t\t\t\t\t<div class=\"elementor-container elementor-column-gap-default\">\n\t\t\t\t\t<div class=\"elementor-column elementor-col-100 elementor-top-column elementor-element elementor-element-a4cfc97\" data-id=\"a4cfc97\" data-element_type=\"column\" data-e-type=\"column\">\n\t\t\t<div class=\"elementor-widget-wrap elementor-element-populated\">\n\t\t\t\t\t\t<div class=\"elementor-element elementor-element-a58c865 elementor-widget elementor-widget-heading\" data-id=\"a58c865\" data-element_type=\"widget\" data-e-type=\"widget\" data-widget_type=\"heading.default\">\n\t\t\t\t<div class=\"elementor-widget-container\">\n\t\t\t\t\t<h2 class=\"elementor-heading-title elementor-size-default\">K\u0101 str\u0101d\u0101 Sinta<\/h2>\t\t\t\t<\/div>\n\t\t\t\t<\/div>\n\t\t\t\t\t<\/div>\n\t\t<\/div>\n\t\t\t\t\t<\/div>\n\t\t<\/section>\n\t\t\t\t<section class=\"elementor-section elementor-top-section elementor-element elementor-element-8236b9e elementor-section-boxed elementor-section-height-default elementor-section-height-default\" data-id=\"8236b9e\" data-element_type=\"section\" data-e-type=\"section\">\n\t\t\t\t\t\t<div class=\"elementor-container elementor-column-gap-default\">\n\t\t\t\t\t<div class=\"elementor-column elementor-col-100 elementor-top-column elementor-element elementor-element-1c65fa7\" data-id=\"1c65fa7\" data-element_type=\"column\" data-e-type=\"column\">\n\t\t\t<div class=\"elementor-widget-wrap elementor-element-populated\">\n\t\t\t\t\t\t<div class=\"elementor-element elementor-element-2eb19ed elementor-widget__width-initial elementor-widget-tablet__width-initial elementor-widget-mobile__width-initial elementor-widget elementor-widget-text-editor\" data-id=\"2eb19ed\" data-element_type=\"widget\" data-e-type=\"widget\" data-widget_type=\"text-editor.default\">\n\t\t\t\t<div class=\"elementor-widget-container\">\n\t\t\t\t\t\t\t\t\t<p><span style=\"color: #ff9900;\"><strong>\u2058<\/strong><\/span>\u00a0 M\u016bsu dev\u012bze ir &#8220;Lab\u0101kai dz\u012bvei! \u0112rt\u0101kam darbam!&#8221;. Ar to m\u0113s saprotam, ka cilv\u0113ki un uz\u0146\u0113mumi, kuri izmanto m\u016bsu pakalpojumus, ir ce\u013c\u0101 ar m\u0113r\u0137i sasniegt lab\u0101kus dz\u012bves vai darba apst\u0101k\u013cus. Un m\u016bsu misija ir &#8211; aizvest klientus l\u012bdz vi\u0146u nospraustajiem m\u0113r\u0137iem t\u0101, lai ce\u013c\u0161 b\u016btu viegls, dro\u0161s un pat\u012bkams. T\u0101ds, kuru v\u0113l\u0101k atcer\u0113ties tikai ar pozit\u012bv\u0101m emocij\u0101m.<\/p><p><span style=\"color: #ff9900;\"><strong>\u2058<\/strong><\/span>\u00a0 Vai tas b\u016btu dz\u012bvoklis vai \u0123imenes m\u0101ja, birojs vai zemes vien\u012bba; vai t\u0101 b\u016btu pirk\u0161ana vai p\u0101rdo\u0161ana vai noma, dar\u012bjums ar nekustamo \u012bpa\u0161umu var b\u016bt neticami vienk\u0101r\u0161s, ja ir izv\u0113l\u0113ts pareizais partneris.<\/p><p><span style=\"color: #ff9900;\"><strong>\u2058<\/strong><\/span>\u00a0 M\u0113s nodro\u0161in\u0101m pilnu nekustam\u0101 \u012bpa\u0161uma dar\u012bjuma sagatavo\u0161anas un apkalpo\u0161anas paketi, s\u0101kot ar objekta nov\u0113rt\u0113jumu un dar\u012bjuma strat\u0113\u0123ijas izstr\u0101di, un beidzot ar dar\u012bjuma tehnisko un juridisko nodro\u0161in\u0101\u0161anu vis\u0101 t\u0101 gait\u0101 l\u012bdz veiksm\u012bgam nosl\u0113gumam.<\/p>\t\t\t\t\t\t\t\t<\/div>\n\t\t\t\t<\/div>\n\t\t\t\t\t<\/div>\n\t\t<\/div>\n\t\t\t\t\t<\/div>\n\t\t<\/section>\n\t\t\t\t<section class=\"elementor-section elementor-top-section elementor-element elementor-element-1dac885 elementor-hidden-tablet elementor-hidden-mobile elementor-section-boxed elementor-section-height-default elementor-section-height-default\" data-id=\"1dac885\" data-element_type=\"section\" data-e-type=\"section\">\n\t\t\t\t\t\t<div class=\"elementor-container elementor-column-gap-default\">\n\t\t\t\t\t<div class=\"elementor-column elementor-col-50 elementor-top-column elementor-element elementor-element-c8b332f\" data-id=\"c8b332f\" data-element_type=\"column\" data-e-type=\"column\">\n\t\t\t<div class=\"elementor-widget-wrap elementor-element-populated\">\n\t\t\t\t\t\t<div class=\"elementor-element elementor-element-35aab8c elementor-widget elementor-widget-image\" data-id=\"35aab8c\" data-element_type=\"widget\" data-e-type=\"widget\" data-widget_type=\"image.default\">\n\t\t\t\t<div class=\"elementor-widget-container\">\n\t\t\t\t\t\t\t\t\t\t\t\t\t\t\t<img fetchpriority=\"high\" decoding=\"async\" width=\"1769\" height=\"2560\" src=\"https:\/\/sinta.lv\/wp-content\/uploads\/2023\/06\/IMG_3590a3-scaled.jpg\" class=\"attachment-full size-full wp-image-2890\" alt=\"\" srcset=\"https:\/\/sinta.lv\/wp-content\/uploads\/2023\/06\/IMG_3590a3-scaled.jpg 1769w, https:\/\/sinta.lv\/wp-content\/uploads\/2023\/06\/IMG_3590a3-207x300.jpg 207w, https:\/\/sinta.lv\/wp-content\/uploads\/2023\/06\/IMG_3590a3-707x1024.jpg 707w, https:\/\/sinta.lv\/wp-content\/uploads\/2023\/06\/IMG_3590a3-768x1112.jpg 768w, https:\/\/sinta.lv\/wp-content\/uploads\/2023\/06\/IMG_3590a3-1061x1536.jpg 1061w, https:\/\/sinta.lv\/wp-content\/uploads\/2023\/06\/IMG_3590a3-1415x2048.jpg 1415w\" sizes=\"(max-width: 1769px) 100vw, 1769px\" \/>\t\t\t\t\t\t\t\t\t\t\t\t\t\t\t<\/div>\n\t\t\t\t<\/div>\n\t\t\t\t\t<\/div>\n\t\t<\/div>\n\t\t\t\t<div class=\"elementor-column elementor-col-50 elementor-top-column elementor-element elementor-element-4a3c775\" data-id=\"4a3c775\" data-element_type=\"column\" data-e-type=\"column\">\n\t\t\t<div class=\"elementor-widget-wrap elementor-element-populated\">\n\t\t\t\t\t\t<div class=\"elementor-element elementor-element-a88a035 elementor-widget__width-initial elementor-widget elementor-widget-text-editor\" data-id=\"a88a035\" data-element_type=\"widget\" data-e-type=\"widget\" data-widget_type=\"text-editor.default\">\n\t\t\t\t<div class=\"elementor-widget-container\">\n\t\t\t\t\t\t\t\t\t<p style=\"text-align: left;\"><span style=\"color: #ff9900;\"><strong>\u2058<\/strong><\/span>\u00a0 Kvalitat\u012bva klientu dar\u012bjumu apkalpo\u0161ana ir m\u016bsu vien\u012bgais un galvenais uzdevums. God\u012bgums, lojalit\u0101te un caursp\u012bd\u012bgums ir m\u016bsu darbu raksturojo\u0161ie atsl\u0113gv\u0101rdi. T\u0101p\u0113c m\u0113s sa\u0146emam pozit\u012bvas atsauksmes no klientiem. T\u0101p\u0113c klienti pie mums atgrie\u017eas un iesaka Sinta citiem.<\/p><p style=\"text-align: left;\"><span style=\"color: #ff9900;\">Lab\u0101kai dz\u012bvei! \u0112rt\u0101kam darbam!<\/span><\/p>\t\t\t\t\t\t\t\t<\/div>\n\t\t\t\t<\/div>\n\t\t\t\t<div class=\"elementor-element elementor-element-ec32e78 elementor-widget elementor-widget-text-editor\" data-id=\"ec32e78\" data-element_type=\"widget\" data-e-type=\"widget\" data-widget_type=\"text-editor.default\">\n\t\t\t\t<div class=\"elementor-widget-container\">\n\t\t\t\t\t\t\t\t\t<p><i>Andris Pastors<\/i><\/p>\t\t\t\t\t\t\t\t<\/div>\n\t\t\t\t<\/div>\n\t\t\t\t<div class=\"elementor-element elementor-element-e6df571 elementor-widget elementor-widget-text-editor\" data-id=\"e6df571\" data-element_type=\"widget\" data-e-type=\"widget\" data-widget_type=\"text-editor.default\">\n\t\t\t\t<div class=\"elementor-widget-container\">\n\t\t\t\t\t\t\t\t\t<p><i>Re\u0123istr\u0113ts nekustamo \u012bpa\u0161umu dar\u012bjumu vad\u012bt\u0101js<br>Uz\u0146\u0113muma vad\u012bt\u0101js<\/i><\/p>\t\t\t\t\t\t\t\t<\/div>\n\t\t\t\t<\/div>\n\t\t\t\t\t<\/div>\n\t\t<\/div>\n\t\t\t\t\t<\/div>\n\t\t<\/section>\n\t\t\t\t<section class=\"elementor-section elementor-top-section elementor-element elementor-element-54fc89e elementor-hidden-desktop elementor-section-boxed elementor-section-height-default elementor-section-height-default\" data-id=\"54fc89e\" data-element_type=\"section\" data-e-type=\"section\">\n\t\t\t\t\t\t<div class=\"elementor-container elementor-column-gap-default\">\n\t\t\t\t\t<div class=\"elementor-column elementor-col-100 elementor-top-column elementor-element elementor-element-e3468fa\" data-id=\"e3468fa\" data-element_type=\"column\" data-e-type=\"column\">\n\t\t\t<div class=\"elementor-widget-wrap elementor-element-populated\">\n\t\t\t\t\t\t<div class=\"elementor-element elementor-element-7b4733e elementor-widget elementor-widget-text-editor\" data-id=\"7b4733e\" data-element_type=\"widget\" data-e-type=\"widget\" data-widget_type=\"text-editor.default\">\n\t\t\t\t<div class=\"elementor-widget-container\">\n\t\t\t\t\t\t\t\t\t<p>Kvalitat\u012bva klientu dar\u012bjumu apkalpo\u0161ana ir m\u016bsu vien\u012bgais un galvenais uzdevums. God\u012bgums, lojalit\u0101te un caursp\u012bd\u012bgums ir m\u016bsu darbu raksturojo\u0161ie atsl\u0113gv\u0101rdi. T\u0101p\u0113c m\u0113s sa\u0146emam pozit\u012bvas atsauksmes no klientiem. T\u0101p\u0113c klienti pie mums atgrie\u017eas un iesaka Sinta citiem.<\/p><p style=\"text-align: left;\"><span style=\"color: #ff9900;\">Lab\u0101kai dz\u012bvei! \u0112rt\u0101kam darbam!<\/span><\/p>\t\t\t\t\t\t\t\t<\/div>\n\t\t\t\t<\/div>\n\t\t\t\t\t<\/div>\n\t\t<\/div>\n\t\t\t\t\t<\/div>\n\t\t<\/section>\n\t\t\t\t<section class=\"elementor-section elementor-top-section elementor-element elementor-element-50fa004 elementor-hidden-desktop elementor-section-boxed elementor-section-height-default elementor-section-height-default\" data-id=\"50fa004\" data-element_type=\"section\" data-e-type=\"section\">\n\t\t\t\t\t\t<div class=\"elementor-container elementor-column-gap-default\">\n\t\t\t\t\t<div class=\"elementor-column elementor-col-100 elementor-top-column elementor-element elementor-element-e85014c\" data-id=\"e85014c\" data-element_type=\"column\" data-e-type=\"column\">\n\t\t\t<div class=\"elementor-widget-wrap elementor-element-populated\">\n\t\t\t\t\t\t<div class=\"elementor-element elementor-element-6adf16c elementor-widget-tablet__width-initial elementor-widget-mobile__width-initial elementor-widget elementor-widget-image\" data-id=\"6adf16c\" data-element_type=\"widget\" data-e-type=\"widget\" data-widget_type=\"image.default\">\n\t\t\t\t<div class=\"elementor-widget-container\">\n\t\t\t\t\t\t\t\t\t\t\t\t\t\t\t<img fetchpriority=\"high\" decoding=\"async\" width=\"1769\" height=\"2560\" src=\"https:\/\/sinta.lv\/wp-content\/uploads\/2023\/06\/IMG_3590a3-scaled.jpg\" class=\"attachment-full size-full wp-image-2890\" alt=\"\" srcset=\"https:\/\/sinta.lv\/wp-content\/uploads\/2023\/06\/IMG_3590a3-scaled.jpg 1769w, https:\/\/sinta.lv\/wp-content\/uploads\/2023\/06\/IMG_3590a3-207x300.jpg 207w, https:\/\/sinta.lv\/wp-content\/uploads\/2023\/06\/IMG_3590a3-707x1024.jpg 707w, https:\/\/sinta.lv\/wp-content\/uploads\/2023\/06\/IMG_3590a3-768x1112.jpg 768w, https:\/\/sinta.lv\/wp-content\/uploads\/2023\/06\/IMG_3590a3-1061x1536.jpg 1061w, https:\/\/sinta.lv\/wp-content\/uploads\/2023\/06\/IMG_3590a3-1415x2048.jpg 1415w\" sizes=\"(max-width: 1769px) 100vw, 1769px\" \/>\t\t\t\t\t\t\t\t\t\t\t\t\t\t\t<\/div>\n\t\t\t\t<\/div>\n\t\t\t\t\t<\/div>\n\t\t<\/div>\n\t\t\t\t\t<\/div>\n\t\t<\/section>\n\t\t\t\t<section class=\"elementor-section elementor-top-section elementor-element elementor-element-7ef646c elementor-hidden-desktop elementor-section-boxed elementor-section-height-default elementor-section-height-default\" data-id=\"7ef646c\" data-element_type=\"section\" data-e-type=\"section\">\n\t\t\t\t\t\t<div class=\"elementor-container elementor-column-gap-default\">\n\t\t\t\t\t<div class=\"elementor-column elementor-col-100 elementor-top-column elementor-element elementor-element-3242d1f\" data-id=\"3242d1f\" data-element_type=\"column\" data-e-type=\"column\">\n\t\t\t<div class=\"elementor-widget-wrap elementor-element-populated\">\n\t\t\t\t\t\t<div class=\"elementor-element elementor-element-0d982f2 elementor-widget elementor-widget-text-editor\" data-id=\"0d982f2\" data-element_type=\"widget\" data-e-type=\"widget\" data-widget_type=\"text-editor.default\">\n\t\t\t\t<div class=\"elementor-widget-container\">\n\t\t\t\t\t\t\t\t\t<p style=\"text-align: center;\"><i>Andris Pastors<\/i><\/p>\t\t\t\t\t\t\t\t<\/div>\n\t\t\t\t<\/div>\n\t\t\t\t<div class=\"elementor-element elementor-element-9ca2fbd elementor-widget elementor-widget-text-editor\" data-id=\"9ca2fbd\" data-element_type=\"widget\" data-e-type=\"widget\" data-widget_type=\"text-editor.default\">\n\t\t\t\t<div class=\"elementor-widget-container\">\n\t\t\t\t\t\t\t\t\t<p style=\"text-align: center;\"><i>Re\u0123istr\u0113ts nekustamo \u012bpa\u0161umu starpnieks<br \/>Uz\u0146\u0113muma vad\u012bt\u0101js<\/i><\/p>\t\t\t\t\t\t\t\t<\/div>\n\t\t\t\t<\/div>\n\t\t\t\t\t<\/div>\n\t\t<\/div>\n\t\t\t\t\t<\/div>\n\t\t<\/section>\n\t\t\t\t<\/div>\n\t\t","protected":false},"excerpt":{"rendered":"<p>K\u0101 str\u0101d\u0101 Sinta \u2058\u00a0 M\u016bsu dev\u012bze ir &#8220;Lab\u0101kai dz\u012bvei! \u0112rt\u0101kam darbam!&#8221;. Ar to m\u0113s saprotam, ka cilv\u0113ki un uz\u0146\u0113mumi, kuri izmanto m\u016bsu pakalpojumus, ir ce\u013c\u0101 ar m\u0113r\u0137i sasniegt lab\u0101kus dz\u012bves vai darba apst\u0101k\u013cus. Un m\u016bsu misija ir &#8211; aizvest klientus l\u012bdz vi\u0146u nospraustajiem m\u0113r\u0137iem t\u0101, lai ce\u013c\u0161 b\u016btu viegls, dro\u0161s un pat\u012bkams. T\u0101ds, kuru v\u0113l\u0101k [&hellip;]<\/p>\n","protected":false},"author":2,"featured_media":0,"parent":0,"menu_order":8,"comment_status":"closed","ping_status":"closed","template":"","meta":{"site-sidebar-layout":"no-sidebar","site-content-layout":"page-builder","ast-site-content-layout":"default","site-content-style":"default","site-sidebar-style":"default","ast-global-header-display":"","ast-banner-title-visibility":"","ast-main-header-display":"","ast-hfb-above-header-display":"","ast-hfb-below-header-display":"","ast-hfb-mobile-header-display":"","site-post-title":"disabled","ast-breadcrumbs-content":"","ast-featured-img":"disabled","footer-sml-layout":"","ast-disable-related-posts":"","theme-transparent-header-meta":"","adv-header-id-meta":"","stick-header-meta":"","header-above-stick-meta":"","header-main-stick-meta":"","header-below-stick-meta":"","astra-migrate-meta-layouts":"default","ast-page-background-enabled":"default","ast-page-background-meta":{"desktop":{"background-color":"var(--ast-global-color-4)","background-image":"","background-repeat":"repeat","background-position":"center center","background-size":"auto","background-attachment":"scroll","background-type":"","background-media":"","overlay-type":"","overlay-color":"","overlay-opacity":"","overlay-gradient":""},"tablet":{"background-color":"","background-image":"","background-repeat":"repeat","background-position":"center center","background-size":"auto","background-attachment":"scroll","background-type":"","background-media":"","overlay-type":"","overlay-color":"","overlay-opacity":"","overlay-gradient":""},"mobile":{"background-color":"","background-image":"","background-repeat":"repeat","background-position":"center center","background-size":"auto","background-attachment":"scroll","background-type":"","background-media":"","overlay-type":"","overlay-color":"","overlay-opacity":"","overlay-gradient":""}},"ast-content-background-meta":{"desktop":{"background-color":"var(--ast-global-color-5)","background-image":"","background-repeat":"repeat","background-position":"center center","background-size":"auto","background-attachment":"scroll","background-type":"","background-media":"","overlay-type":"","overlay-color":"","overlay-opacity":"","overlay-gradient":""},"tablet":{"background-color":"var(--ast-global-color-5)","background-image":"","background-repeat":"repeat","background-position":"center center","background-size":"auto","background-attachment":"scroll","background-type":"","background-media":"","overlay-type":"","overlay-color":"","overlay-opacity":"","overlay-gradient":""},"mobile":{"background-color":"var(--ast-global-color-5)","background-image":"","background-repeat":"repeat","background-position":"center center","background-size":"auto","background-attachment":"scroll","background-type":"","background-media":"","overlay-type":"","overlay-color":"","overlay-opacity":"","overlay-gradient":""}},"footnotes":""},"class_list":["post-773","page","type-page","status-publish","hentry"],"_links":{"self":[{"href":"https:\/\/sinta.lv\/index.php\/wp-json\/wp\/v2\/pages\/773","targetHints":{"allow":["GET"]}}],"collection":[{"href":"https:\/\/sinta.lv\/index.php\/wp-json\/wp\/v2\/pages"}],"about":[{"href":"https:\/\/sinta.lv\/index.php\/wp-json\/wp\/v2\/types\/page"}],"author":[{"embeddable":true,"href":"https:\/\/sinta.lv\/index.php\/wp-json\/wp\/v2\/users\/2"}],"replies":[{"embeddable":true,"href":"https:\/\/sinta.lv\/index.php\/wp-json\/wp\/v2\/comments?post=773"}],"version-history":[{"count":0,"href":"https:\/\/sinta.lv\/index.php\/wp-json\/wp\/v2\/pages\/773\/revisions"}],"wp:attachment":[{"href":"https:\/\/sinta.lv\/index.php\/wp-json\/wp\/v2\/media?parent=773"}],"curies":[{"name":"wp","href":"https:\/\/api.w.org\/{rel}","templated":true}]}}