{"id":79,"date":"2023-03-13T14:17:05","date_gmt":"2023-03-13T12:17:05","guid":{"rendered":"https:\/\/sinta.lv\/?page_id=79"},"modified":"2025-08-22T16:59:51","modified_gmt":"2025-08-22T14:59:51","slug":"karjera","status":"publish","type":"page","link":"https:\/\/sinta.lv\/index.php\/karjera\/","title":{"rendered":"Karjeras iesp\u0113jas"},"content":{"rendered":"\t\t<div data-elementor-type=\"wp-page\" data-elementor-id=\"79\" class=\"elementor elementor-79\">\n\t\t\t\t\t\t<section class=\"elementor-section elementor-top-section elementor-element elementor-element-3c6d471 elementor-section-boxed elementor-section-height-default elementor-section-height-default\" data-id=\"3c6d471\" data-element_type=\"section\" data-e-type=\"section\">\n\t\t\t\t\t\t<div class=\"elementor-container elementor-column-gap-default\">\n\t\t\t\t\t<div class=\"elementor-column elementor-col-100 elementor-top-column elementor-element elementor-element-2367a0c\" data-id=\"2367a0c\" data-element_type=\"column\" data-e-type=\"column\">\n\t\t\t<div class=\"elementor-widget-wrap elementor-element-populated\">\n\t\t\t\t\t\t<div class=\"elementor-element elementor-element-08aaf16 elementor-widget elementor-widget-heading\" data-id=\"08aaf16\" data-element_type=\"widget\" data-e-type=\"widget\" data-widget_type=\"heading.default\">\n\t\t\t\t<div class=\"elementor-widget-container\">\n\t\t\t\t\t<h2 class=\"elementor-heading-title elementor-size-default\">Karjeras iesp\u0113jas<\/h2>\t\t\t\t<\/div>\n\t\t\t\t<\/div>\n\t\t\t\t\t<\/div>\n\t\t<\/div>\n\t\t\t\t\t<\/div>\n\t\t<\/section>\n\t\t\t\t<section class=\"elementor-section elementor-top-section elementor-element elementor-element-8f3a807 elementor-section-boxed elementor-section-height-default elementor-section-height-default\" data-id=\"8f3a807\" data-element_type=\"section\" data-e-type=\"section\">\n\t\t\t\t\t\t<div class=\"elementor-container elementor-column-gap-default\">\n\t\t\t\t\t<div class=\"elementor-column elementor-col-100 elementor-top-column elementor-element elementor-element-daaa9b6\" data-id=\"daaa9b6\" data-element_type=\"column\" data-e-type=\"column\">\n\t\t\t<div class=\"elementor-widget-wrap elementor-element-populated\">\n\t\t\t\t\t\t<div class=\"elementor-element elementor-element-2185176 elementor-widget__width-initial elementor-widget-mobile__width-initial elementor-widget-tablet__width-initial elementor-widget elementor-widget-text-editor\" data-id=\"2185176\" data-element_type=\"widget\" data-e-type=\"widget\" data-widget_type=\"text-editor.default\">\n\t\t\t\t<div class=\"elementor-widget-container\">\n\t\t\t\t\t\t\t\t\t<p><strong><span style=\"color: #ff9900;\">\u2058<\/span><\/strong>\u00a0 M\u016bsu uz\u0146\u0113mums ir augo\u0161s organisms, kam laiku pa laikam ir nepiecie\u0161ams komandas papildin\u0101jums.<\/p><p><span style=\"color: #ff9900;\"><strong>\u2058<\/strong><\/span>\u00a0 Nekustamo \u012bpa\u0161umu tirgus ir akt\u012bvs un izaicino\u0161s. Tas prasa ener\u0123iju, iedzi\u013cin\u0101\u0161anos un atbild\u012bbu, sp\u0113ju run\u0101t ar cilv\u0113kiem, str\u0101d\u0101t ar dokumentiem un prasmi vad\u012bt procesu. Pret\u012b tas sniedz emocijas, iesp\u0113jas att\u012bst\u012bties, labi nopeln\u012bt, un, pats galvenais, gandar\u012bjuma saj\u016btu par sasniegto rezult\u0101tu.<\/p><p><span style=\"color: #ff9900;\"><strong>\u2058<\/strong><\/span>\u00a0 Ja tu esi gatavs sniegt pirmo un ar prieku sagaidi otro, tad, \u013coti iesp\u0113jams, ka tu esi \u012bstais cilv\u0113ks m\u016bsu komandai.<\/p><p><span style=\"color: #ff9900;\"><strong>\u2058<\/strong><\/span>\u00a0 Aizpildi <a href=\"#forma5\">pieteikuma formu<\/a> un m\u0113s ar tevi sazin\u0101simies. Iepriek\u0161\u0113ja pieredze nekustamo \u012bpa\u0161umu nozar\u0113 nav nepiecie\u0161ama. Apm\u0101c\u012bbu m\u0113s nodro\u0161in\u0101sim.<\/p>\t\t\t\t\t\t\t\t<\/div>\n\t\t\t\t<\/div>\n\t\t\t\t<div class=\"elementor-element elementor-element-7e4f82e elementor-widget-mobile__width-initial elementor-widget elementor-widget-image\" data-id=\"7e4f82e\" data-element_type=\"widget\" data-e-type=\"widget\" data-widget_type=\"image.default\">\n\t\t\t\t<div class=\"elementor-widget-container\">\n\t\t\t\t\t\t\t\t\t\t\t\t\t\t\t<img fetchpriority=\"high\" decoding=\"async\" width=\"2560\" height=\"1707\" src=\"https:\/\/sinta.lv\/wp-content\/uploads\/2023\/05\/shutterstock_257365870-divi-agenti-scaled.jpg\" class=\"attachment-full size-full wp-image-2316\" alt=\"\" srcset=\"https:\/\/sinta.lv\/wp-content\/uploads\/2023\/05\/shutterstock_257365870-divi-agenti-scaled.jpg 2560w, https:\/\/sinta.lv\/wp-content\/uploads\/2023\/05\/shutterstock_257365870-divi-agenti-300x200.jpg 300w, https:\/\/sinta.lv\/wp-content\/uploads\/2023\/05\/shutterstock_257365870-divi-agenti-1024x683.jpg 1024w, https:\/\/sinta.lv\/wp-content\/uploads\/2023\/05\/shutterstock_257365870-divi-agenti-768x512.jpg 768w, https:\/\/sinta.lv\/wp-content\/uploads\/2023\/05\/shutterstock_257365870-divi-agenti-1536x1024.jpg 1536w, https:\/\/sinta.lv\/wp-content\/uploads\/2023\/05\/shutterstock_257365870-divi-agenti-2048x1366.jpg 2048w\" sizes=\"(max-width: 2560px) 100vw, 2560px\" \/>\t\t\t\t\t\t\t\t\t\t\t\t\t\t\t<\/div>\n\t\t\t\t<\/div>\n\t\t\t\t\t<\/div>\n\t\t<\/div>\n\t\t\t\t\t<\/div>\n\t\t<\/section>\n\t\t\t\t<section class=\"elementor-section elementor-top-section elementor-element elementor-element-7442417 elementor-section-boxed elementor-section-height-default elementor-section-height-default\" data-id=\"7442417\" data-element_type=\"section\" data-e-type=\"section\" id=\"forma5\">\n\t\t\t\t\t\t<div class=\"elementor-container elementor-column-gap-default\">\n\t\t\t\t\t<div class=\"elementor-column elementor-col-100 elementor-top-column elementor-element elementor-element-4747195\" data-id=\"4747195\" data-element_type=\"column\" data-e-type=\"column\">\n\t\t\t<div class=\"elementor-widget-wrap elementor-element-populated\">\n\t\t\t\t\t\t<div class=\"elementor-element elementor-element-abacf59 elementor-widget elementor-widget-wpforms\" data-id=\"abacf59\" data-element_type=\"widget\" data-e-type=\"widget\" data-widget_type=\"wpforms.default\">\n\t\t\t\t<div class=\"elementor-widget-container\">\n\t\t\t\t\t<div class=\"wpforms-container wpforms-container-full\" id=\"wpforms-841\"><form id=\"wpforms-form-841\" class=\"wpforms-validate wpforms-form wpforms-ajax-form\" data-formid=\"841\" method=\"post\" enctype=\"multipart\/form-data\" action=\"\/index.php\/wp-json\/wp\/v2\/pages\/79\" data-token=\"672ed121d0e26a1b55dcade698847eba\" data-token-time=\"1775597231\"><noscript class=\"wpforms-error-noscript\">Please enable JavaScript in your browser to complete this form.<\/noscript><div class=\"wpforms-field-container\"><div id=\"wpforms-841-field_7-container\" class=\"wpforms-field wpforms-field-text\" data-field-id=\"7\"><label class=\"wpforms-field-label\" for=\"wpforms-841-field_7\">V\u0101rds <span class=\"wpforms-required-label\">*<\/span><\/label><input type=\"text\" id=\"wpforms-841-field_7\" class=\"wpforms-field-medium wpforms-field-required wpforms-limit-characters-enabled\" data-form-id=\"841\" data-field-id=\"7\" data-text-limit=\"50\" name=\"wpforms[fields][7]\" placeholder=\"Tavs v\u0101rds...\" maxlength=\"50\" required><\/div><div id=\"wpforms-841-field_2-container\" class=\"wpforms-field wpforms-field-text\" data-field-id=\"2\"><label class=\"wpforms-field-label\" for=\"wpforms-841-field_2\">Telefons <span class=\"wpforms-required-label\">*<\/span><\/label><input type=\"text\" id=\"wpforms-841-field_2\" class=\"wpforms-field-medium wpforms-field-required wpforms-limit-characters-enabled\" data-form-id=\"841\" data-field-id=\"2\" data-text-limit=\"15\" name=\"wpforms[fields][2]\" placeholder=\"Tavs telefona numurs...\" maxlength=\"15\" required><\/div><div id=\"wpforms-841-field_3-container\" class=\"wpforms-field wpforms-field-email\" data-field-id=\"3\"><label class=\"wpforms-field-label\" for=\"wpforms-841-field_3\">E-Pasts <span class=\"wpforms-required-label\">*<\/span><\/label><input type=\"email\" id=\"wpforms-841-field_3\" class=\"wpforms-field-medium wpforms-field-required\" name=\"wpforms[fields][3]\" placeholder=\"Tava e-pasta adrese...\" spellcheck=\"false\" required><\/div><div id=\"wpforms-841-field_4-container\" class=\"wpforms-field wpforms-field-textarea\" data-field-id=\"4\"><label class=\"wpforms-field-label\" for=\"wpforms-841-field_4\">\u012ass personas apraksts <span class=\"wpforms-required-label\">*<\/span><\/label><textarea id=\"wpforms-841-field_4\" class=\"wpforms-field-small wpforms-field-required wpforms-limit-characters-enabled\" data-form-id=\"841\" data-field-id=\"4\" data-text-limit=\"450\" name=\"wpforms[fields][4]\" placeholder=\"Apraksti sevi p\u0101ris v\u0101rdos...\" maxlength=\"450\" required><\/textarea><\/div><div id=\"wpforms-841-field_6-container\" class=\"wpforms-field wpforms-field-text\" data-field-id=\"6\"><label class=\"wpforms-field-label\" for=\"wpforms-841-field_6\">LinkedIn profils<\/label><input type=\"text\" id=\"wpforms-841-field_6\" class=\"wpforms-field-medium wpforms-limit-characters-enabled\" data-form-id=\"841\" data-field-id=\"6\" data-text-limit=\"200\" name=\"wpforms[fields][6]\" placeholder=\"Saite uz tavu LinkedIn profilu...\" maxlength=\"200\" ><\/div><div id=\"wpforms-841-field_5-container\" class=\"wpforms-field wpforms-field-checkbox wpforms-list-inline\" data-field-id=\"5\"><label class=\"wpforms-field-label\">Piekri\u0161ana datu apstr\u0101dei <span class=\"wpforms-required-label\">*<\/span><\/label><ul id=\"wpforms-841-field_5\" class=\"wpforms-field-required\" data-choice-limit=\"1\"><li class=\"choice-1 depth-1\"><input type=\"checkbox\" id=\"wpforms-841-field_5_1\" data-rule-check-limit=\"true\" name=\"wpforms[fields][5][]\" value=\"J\u0101, piekr\u012btu\" required ><label class=\"wpforms-field-label-inline\" for=\"wpforms-841-field_5_1\">J\u0101, piekr\u012btu<\/label><\/li><\/ul><div class=\"wpforms-field-description\">L\u016bdzu atz\u012bm\u0113, ka piekr\u012bti datu apstr\u0101dei saska\u0146\u0101 ar uz\u0146\u0113muma priv\u0101tuma politiku.<\/div><\/div><\/div><!-- .wpforms-field-container --><div class=\"wpforms-recaptcha-container wpforms-is-turnstile\" ><div class=\"wpforms-turnstile\" data-sitekey=\"0x4AAAAAAAEIjbnLAoEeRPrZ\" data-action=\"FormID-841\"><\/div><input type=\"text\" name=\"g-recaptcha-hidden\" class=\"wpforms-recaptcha-hidden\" style=\"position:absolute!important;clip:rect(0,0,0,0)!important;height:1px!important;width:1px!important;border:0!important;overflow:hidden!important;padding:0!important;margin:0!important;\" data-rule-turnstile=\"1\"><\/div><div class=\"wpforms-submit-container\" ><input type=\"hidden\" name=\"wpforms[id]\" value=\"841\"><input type=\"hidden\" name=\"page_title\" value=\"\"><input type=\"hidden\" name=\"page_url\" value=\"https:\/\/sinta.lv\/index.php\/wp-json\/wp\/v2\/pages\/79\"><input type=\"hidden\" name=\"url_referer\" value=\"\"><button type=\"submit\" name=\"wpforms[submit]\" id=\"wpforms-submit-841\" class=\"wpforms-submit\" data-alt-text=\"Tiek s\u016bt\u012bts...\" data-submit-text=\"S\u016bt\u012bt\" aria-live=\"assertive\" value=\"wpforms-submit\">S\u016bt\u012bt<\/button><img decoding=\"async\" src=\"https:\/\/sinta.lv\/wp-content\/plugins\/wpforms-lite\/assets\/images\/submit-spin.svg\" class=\"wpforms-submit-spinner\" style=\"display: none;\" width=\"26\" height=\"26\" alt=\"Loading\"><\/div><\/form><\/div>  <!-- .wpforms-container -->\t\t\t\t<\/div>\n\t\t\t\t<\/div>\n\t\t\t\t\t<\/div>\n\t\t<\/div>\n\t\t\t\t\t<\/div>\n\t\t<\/section>\n\t\t\t\t<\/div>\n\t\t","protected":false},"excerpt":{"rendered":"<p>Karjeras iesp\u0113jas \u2058\u00a0 M\u016bsu uz\u0146\u0113mums ir augo\u0161s organisms, kam laiku pa laikam ir nepiecie\u0161ams komandas papildin\u0101jums. \u2058\u00a0 Nekustamo \u012bpa\u0161umu tirgus ir akt\u012bvs un izaicino\u0161s. Tas prasa ener\u0123iju, iedzi\u013cin\u0101\u0161anos un atbild\u012bbu, sp\u0113ju run\u0101t ar cilv\u0113kiem, str\u0101d\u0101t ar dokumentiem un prasmi vad\u012bt procesu. Pret\u012b tas sniedz emocijas, iesp\u0113jas att\u012bst\u012bties, labi nopeln\u012bt, un, pats galvenais, gandar\u012bjuma saj\u016btu par [&hellip;]<\/p>\n","protected":false},"author":2,"featured_media":0,"parent":0,"menu_order":13,"comment_status":"closed","ping_status":"closed","template":"","meta":{"site-sidebar-layout":"no-sidebar","site-content-layout":"page-builder","ast-site-content-layout":"default","site-content-style":"default","site-sidebar-style":"default","ast-global-header-display":"","ast-banner-title-visibility":"","ast-main-header-display":"","ast-hfb-above-header-display":"","ast-hfb-below-header-display":"","ast-hfb-mobile-header-display":"","site-post-title":"disabled","ast-breadcrumbs-content":"","ast-featured-img":"disabled","footer-sml-layout":"","ast-disable-related-posts":"","theme-transparent-header-meta":"","adv-header-id-meta":"","stick-header-meta":"","header-above-stick-meta":"","header-main-stick-meta":"","header-below-stick-meta":"","astra-migrate-meta-layouts":"default","ast-page-background-enabled":"default","ast-page-background-meta":{"desktop":{"background-color":"var(--ast-global-color-4)","background-image":"","background-repeat":"repeat","background-position":"center center","background-size":"auto","background-attachment":"scroll","background-type":"","background-media":"","overlay-type":"","overlay-color":"","overlay-opacity":"","overlay-gradient":""},"tablet":{"background-color":"","background-image":"","background-repeat":"repeat","background-position":"center center","background-size":"auto","background-attachment":"scroll","background-type":"","background-media":"","overlay-type":"","overlay-color":"","overlay-opacity":"","overlay-gradient":""},"mobile":{"background-color":"","background-image":"","background-repeat":"repeat","background-position":"center center","background-size":"auto","background-attachment":"scroll","background-type":"","background-media":"","overlay-type":"","overlay-color":"","overlay-opacity":"","overlay-gradient":""}},"ast-content-background-meta":{"desktop":{"background-color":"var(--ast-global-color-5)","background-image":"","background-repeat":"repeat","background-position":"center center","background-size":"auto","background-attachment":"scroll","background-type":"","background-media":"","overlay-type":"","overlay-color":"","overlay-opacity":"","overlay-gradient":""},"tablet":{"background-color":"var(--ast-global-color-5)","background-image":"","background-repeat":"repeat","background-position":"center center","background-size":"auto","background-attachment":"scroll","background-type":"","background-media":"","overlay-type":"","overlay-color":"","overlay-opacity":"","overlay-gradient":""},"mobile":{"background-color":"var(--ast-global-color-5)","background-image":"","background-repeat":"repeat","background-position":"center center","background-size":"auto","background-attachment":"scroll","background-type":"","background-media":"","overlay-type":"","overlay-color":"","overlay-opacity":"","overlay-gradient":""}},"footnotes":""},"class_list":["post-79","page","type-page","status-publish","hentry"],"_links":{"self":[{"href":"https:\/\/sinta.lv\/index.php\/wp-json\/wp\/v2\/pages\/79","targetHints":{"allow":["GET"]}}],"collection":[{"href":"https:\/\/sinta.lv\/index.php\/wp-json\/wp\/v2\/pages"}],"about":[{"href":"https:\/\/sinta.lv\/index.php\/wp-json\/wp\/v2\/types\/page"}],"author":[{"embeddable":true,"href":"https:\/\/sinta.lv\/index.php\/wp-json\/wp\/v2\/users\/2"}],"replies":[{"embeddable":true,"href":"https:\/\/sinta.lv\/index.php\/wp-json\/wp\/v2\/comments?post=79"}],"version-history":[{"count":0,"href":"https:\/\/sinta.lv\/index.php\/wp-json\/wp\/v2\/pages\/79\/revisions"}],"wp:attachment":[{"href":"https:\/\/sinta.lv\/index.php\/wp-json\/wp\/v2\/media?parent=79"}],"curies":[{"name":"wp","href":"https:\/\/api.w.org\/{rel}","templated":true}]}}